{"id":12587,"date":"2024-11-19T18:02:19","date_gmt":"2024-11-19T18:02:19","guid":{"rendered":"https:\/\/www.sinpeks.com\/rs\/p\/prednji-utovarivac-za-tafe-8502-8515\/"},"modified":"2026-01-13T11:27:12","modified_gmt":"2026-01-13T11:27:12","slug":"prednji-utovarivac-za-tafe-8502-8515","status":"publish","type":"product","link":"https:\/\/www.sinpeks.com\/rs\/p\/prednji-utovarivac-za-tafe-8502-8515\/","title":{"rendered":"Prednji utovariva\u010d za TAFE 8502\/8515"},"content":{"rendered":"<p>Prednji traktorski utovariva\u010d turskog proizvo\u0111a\u010da Demirsan, sa korpom kapaciteta od 0,75 m3, namenjen je za traktore Tafe 8502\/8515 i za druge brendove traktora od 60 do 90 KS. *<br \/>\nOpremljen je automatskim sistemom za balansiranje, d\u017eojstikom za upravljanje i tako\u0111e ima hidrauli\u010dko upravljanje.<br \/>\nFotografija je reprezentativnog karaktera.<\/p>\n<p>&nbsp;<\/p>\n","protected":false},"excerpt":{"rendered":"<p>Prednji traktorski utovariva\u010d turskog proizvo\u0111a\u010da Demirsan, sa korpom kapaciteta od 0,75 m3, namenjen je za traktore Tafe 8502\/8515 i za druge brendove traktora od 60 do 90 KS. * Opremljen je automatskim sistemom za balansiranje, d\u017eojstikom za upravljanje i tako\u0111e ima hidrauli\u010dko upravljanje. Fotografija je reprezentativnog karaktera. &nbsp;<\/p>\n","protected":false},"featured_media":15987,"comment_status":"open","ping_status":"closed","template":"","meta":{"_acf_changed":false},"product_cat":[97],"product_tag":[],"class_list":{"0":"post-12587","1":"product","2":"type-product","3":"status-publish","4":"has-post-thumbnail","6":"product_cat-prednji-utovarivaci","7":"product_shipping_class-ostale-kategorije-makedonija","8":"pa_b-demirsan-ziraat","9":"pa_market-ba","10":"pa_market-mk","11":"pa_market-rs","12":"pa_max-kapacitet-dizanja-1200-kg","13":"pa_min-snaga-traktora-60-ks","14":"pa_visina-dizanja-360cm","16":"first","17":"outofstock","18":"sale","19":"taxable","20":"shipping-taxable","21":"purchasable","22":"product-type-simple"},"acf":[],"seolaxy_ctr_woo_product_custom_meta_description_content":"","_links":{"self":[{"href":"https:\/\/www.sinpeks.com\/rs\/wp-json\/wp\/v2\/product\/12587","targetHints":{"allow":["GET"]}}],"collection":[{"href":"https:\/\/www.sinpeks.com\/rs\/wp-json\/wp\/v2\/product"}],"about":[{"href":"https:\/\/www.sinpeks.com\/rs\/wp-json\/wp\/v2\/types\/product"}],"replies":[{"embeddable":true,"href":"https:\/\/www.sinpeks.com\/rs\/wp-json\/wp\/v2\/comments?post=12587"}],"wp:featuredmedia":[{"embeddable":true,"href":"https:\/\/www.sinpeks.com\/rs\/wp-json\/wp\/v2\/media\/15987"}],"wp:attachment":[{"href":"https:\/\/www.sinpeks.com\/rs\/wp-json\/wp\/v2\/media?parent=12587"}],"wp:term":[{"taxonomy":"product_cat","embeddable":true,"href":"https:\/\/www.sinpeks.com\/rs\/wp-json\/wp\/v2\/product_cat?post=12587"},{"taxonomy":"product_tag","embeddable":true,"href":"https:\/\/www.sinpeks.com\/rs\/wp-json\/wp\/v2\/product_tag?post=12587"}],"curies":[{"name":"wp","href":"https:\/\/api.w.org\/{rel}","templated":true}]}}