{"id":12581,"date":"2024-11-19T18:02:16","date_gmt":"2024-11-19T18:02:16","guid":{"rendered":"https:\/\/www.sinpeks.com\/rs\/p\/prikolica-fermak-6-tona-sa-vazdusnim-kocnicama\/"},"modified":"2026-01-13T11:25:10","modified_gmt":"2026-01-13T11:25:10","slug":"prikolica-fermak-6-tona-sa-vazdusnim-kocnicama","status":"publish","type":"product","link":"https:\/\/www.sinpeks.com\/rs\/p\/prikolica-fermak-6-tona-sa-vazdusnim-kocnicama\/","title":{"rendered":"Prikolica FERMAK 6 tona sa vazdu\u0161nim ko\u010dnicama"},"content":{"rendered":"<p>Prikolica Fermak sa nosivo\u0161\u0107u do 6 t, sa gumama dimenzija 400\/60-15,5, vazdu\u0161nim ko\u010dnicama i trostranim kipanjem bez otvorljivih strana.<\/p>\n","protected":false},"excerpt":{"rendered":"<p>Prikolica Fermak sa nosivo\u0161\u0107u do 6 t, sa gumama dimenzija 400\/60-15,5, vazdu\u0161nim ko\u010dnicama i trostranim kipanjem bez otvorljivih strana.<\/p>\n","protected":false},"featured_media":15981,"comment_status":"open","ping_status":"closed","template":"","meta":{"_acf_changed":false},"product_cat":[36],"product_tag":[],"class_list":{"0":"post-12581","1":"product","2":"type-product","3":"status-publish","4":"has-post-thumbnail","6":"product_cat-prikolice-za-traktor","7":"product_shipping_class-ostale-kategorije-makedonija","8":"pa_b-fermak","9":"pa_kipanje-sa-kipanjem-na-tri-strane","10":"pa_market-ba","11":"pa_market-mk","12":"pa_market-rs","13":"pa_nosivost-prikolice-6-t","14":"pa_tip-kocnice-pneumatske","16":"first","17":"outofstock","18":"sale","19":"taxable","20":"shipping-taxable","21":"purchasable","22":"product-type-simple"},"acf":[],"seolaxy_ctr_woo_product_custom_meta_description_content":"","_links":{"self":[{"href":"https:\/\/www.sinpeks.com\/rs\/wp-json\/wp\/v2\/product\/12581","targetHints":{"allow":["GET"]}}],"collection":[{"href":"https:\/\/www.sinpeks.com\/rs\/wp-json\/wp\/v2\/product"}],"about":[{"href":"https:\/\/www.sinpeks.com\/rs\/wp-json\/wp\/v2\/types\/product"}],"replies":[{"embeddable":true,"href":"https:\/\/www.sinpeks.com\/rs\/wp-json\/wp\/v2\/comments?post=12581"}],"wp:featuredmedia":[{"embeddable":true,"href":"https:\/\/www.sinpeks.com\/rs\/wp-json\/wp\/v2\/media\/15981"}],"wp:attachment":[{"href":"https:\/\/www.sinpeks.com\/rs\/wp-json\/wp\/v2\/media?parent=12581"}],"wp:term":[{"taxonomy":"product_cat","embeddable":true,"href":"https:\/\/www.sinpeks.com\/rs\/wp-json\/wp\/v2\/product_cat?post=12581"},{"taxonomy":"product_tag","embeddable":true,"href":"https:\/\/www.sinpeks.com\/rs\/wp-json\/wp\/v2\/product_tag?post=12581"}],"curies":[{"name":"wp","href":"https:\/\/api.w.org\/{rel}","templated":true}]}}