{"id":12578,"date":"2024-11-19T18:02:15","date_gmt":"2024-11-19T18:02:15","guid":{"rendered":"https:\/\/www.sinpeks.com\/rs\/p\/prikolica-fermak-14-tona-tandem-monocoque\/"},"modified":"2026-03-24T13:41:02","modified_gmt":"2026-03-24T13:41:02","slug":"prikolica-fermak-14-tona-tandem-monocoque","status":"publish","type":"product","link":"https:\/\/www.sinpeks.com\/rs\/p\/prikolica-fermak-14-tona-tandem-monocoque\/","title":{"rendered":"Prikolica FERMAK 14 tona Tandem-Monocoque sa hidrauli\u010dnim ko\u010dnicama"},"content":{"rendered":"<p>Dvoosovinska robusna transportna prikolica sa nosivo\u0161\u0107u do 14t., opremljena za\u0161titnom ceradom, gumama dimenzija 400\/60-15.5, sa hidrauli\u010dnim ko\u010dnicama, dodatnom visinom i zadnjiim kipanjem.<\/p>\n","protected":false},"excerpt":{"rendered":"<p>Dvoosovinska robusna transportna prikolica sa nosivo\u0161\u0107u do 14t., opremljena za\u0161titnom ceradom, gumama dimenzija 400\/60-15.5, sa hidrauli\u010dnim ko\u010dnicama, dodatnom visinom i zadnjiim kipanjem.<\/p>\n","protected":false},"featured_media":16522,"comment_status":"open","ping_status":"closed","template":"","meta":{"_acf_changed":false},"product_cat":[36],"product_tag":[],"class_list":{"0":"post-12578","1":"product","2":"type-product","3":"status-publish","4":"has-post-thumbnail","6":"product_cat-prikolice-za-traktor","7":"product_shipping_class-ostale-kategorije-makedonija","8":"pa_b-fermak","9":"pa_kipanje-sa-kipanjem-na-jednu-stranu","10":"pa_market-ba","11":"pa_market-mk","12":"pa_market-rs","13":"pa_nosivost-prikolice-14-t","14":"pa_tip-kocnice-hidraulicne","16":"first","17":"instock","18":"sale","19":"taxable","20":"shipping-taxable","21":"purchasable","22":"product-type-simple"},"acf":[],"seolaxy_ctr_woo_product_custom_meta_description_content":"","_links":{"self":[{"href":"https:\/\/www.sinpeks.com\/rs\/wp-json\/wp\/v2\/product\/12578","targetHints":{"allow":["GET"]}}],"collection":[{"href":"https:\/\/www.sinpeks.com\/rs\/wp-json\/wp\/v2\/product"}],"about":[{"href":"https:\/\/www.sinpeks.com\/rs\/wp-json\/wp\/v2\/types\/product"}],"replies":[{"embeddable":true,"href":"https:\/\/www.sinpeks.com\/rs\/wp-json\/wp\/v2\/comments?post=12578"}],"wp:featuredmedia":[{"embeddable":true,"href":"https:\/\/www.sinpeks.com\/rs\/wp-json\/wp\/v2\/media\/16522"}],"wp:attachment":[{"href":"https:\/\/www.sinpeks.com\/rs\/wp-json\/wp\/v2\/media?parent=12578"}],"wp:term":[{"taxonomy":"product_cat","embeddable":true,"href":"https:\/\/www.sinpeks.com\/rs\/wp-json\/wp\/v2\/product_cat?post=12578"},{"taxonomy":"product_tag","embeddable":true,"href":"https:\/\/www.sinpeks.com\/rs\/wp-json\/wp\/v2\/product_tag?post=12578"}],"curies":[{"name":"wp","href":"https:\/\/api.w.org\/{rel}","templated":true}]}}