{"id":12577,"date":"2024-11-19T18:02:14","date_gmt":"2024-11-19T18:02:14","guid":{"rendered":"https:\/\/www.sinpeks.com\/rs\/p\/fermak-5-tona-prikolica-sa-duplim-tockovima\/"},"modified":"2026-01-13T11:11:01","modified_gmt":"2026-01-13T11:11:01","slug":"fermak-5-tona-prikolica-sa-duplim-tockovima","status":"publish","type":"product","link":"https:\/\/www.sinpeks.com\/rs\/p\/fermak-5-tona-prikolica-sa-duplim-tockovima\/","title":{"rendered":"FERMAK 5 tona prikolica sa duplim to\u010dkovima"},"content":{"rendered":"<p>Prikolica za transport sa nosivo\u0161\u0107u do 5 tona, jednom osovinom, duplim gumama, pneumatskim ko\u010dnicama i dodatnim stranicama.<\/p>\n","protected":false},"excerpt":{"rendered":"<p>Prikolica za transport sa nosivo\u0161\u0107u do 5 tona, jednom osovinom, duplim gumama, pneumatskim ko\u010dnicama i dodatnim stranicama.<\/p>\n","protected":false},"featured_media":15977,"comment_status":"open","ping_status":"closed","template":"","meta":{"_acf_changed":false},"product_cat":[36],"product_tag":[],"class_list":{"0":"post-12577","1":"product","2":"type-product","3":"status-publish","4":"has-post-thumbnail","6":"product_cat-prikolice-za-traktor","7":"product_shipping_class-ostale-kategorije-makedonija","8":"pa_b-fermak","9":"pa_kipanje-sa-kipanjem-na-tri-strane","10":"pa_market-ba","11":"pa_market-mk","12":"pa_market-rs","13":"pa_nosivost-prikolice-5-t","14":"pa_tip-kocnice-pneumatske","16":"first","17":"outofstock","18":"sale","19":"taxable","20":"shipping-taxable","21":"purchasable","22":"product-type-simple"},"acf":[],"seolaxy_ctr_woo_product_custom_meta_description_content":"","_links":{"self":[{"href":"https:\/\/www.sinpeks.com\/rs\/wp-json\/wp\/v2\/product\/12577","targetHints":{"allow":["GET"]}}],"collection":[{"href":"https:\/\/www.sinpeks.com\/rs\/wp-json\/wp\/v2\/product"}],"about":[{"href":"https:\/\/www.sinpeks.com\/rs\/wp-json\/wp\/v2\/types\/product"}],"replies":[{"embeddable":true,"href":"https:\/\/www.sinpeks.com\/rs\/wp-json\/wp\/v2\/comments?post=12577"}],"wp:featuredmedia":[{"embeddable":true,"href":"https:\/\/www.sinpeks.com\/rs\/wp-json\/wp\/v2\/media\/15977"}],"wp:attachment":[{"href":"https:\/\/www.sinpeks.com\/rs\/wp-json\/wp\/v2\/media?parent=12577"}],"wp:term":[{"taxonomy":"product_cat","embeddable":true,"href":"https:\/\/www.sinpeks.com\/rs\/wp-json\/wp\/v2\/product_cat?post=12577"},{"taxonomy":"product_tag","embeddable":true,"href":"https:\/\/www.sinpeks.com\/rs\/wp-json\/wp\/v2\/product_tag?post=12577"}],"curies":[{"name":"wp","href":"https:\/\/api.w.org\/{rel}","templated":true}]}}