{"id":12574,"date":"2024-11-19T18:02:13","date_gmt":"2024-11-19T18:02:13","guid":{"rendered":"https:\/\/www.sinpeks.com\/rs\/p\/prikolica-fermak-4-tone-sa-vazdusnim-kocnicama\/"},"modified":"2026-05-05T09:11:48","modified_gmt":"2026-05-05T09:11:48","slug":"prikolica-fermak-4-tone-sa-vazdusnim-kocnicama","status":"publish","type":"product","link":"https:\/\/www.sinpeks.com\/rs\/p\/prikolica-fermak-4-tone-sa-vazdusnim-kocnicama\/","title":{"rendered":"Prikolica FERMAK 4 tone sa vazdu\u0161nim ko\u010dnicama"},"content":{"rendered":"<p>Jednoosovinska prikolica sa nosivo\u0161\u0107u do 4 tone, sa vazdu\u0161nim ko\u010dnicama, balonke gumama, duplim stranicama i kipanjem na tri strana.<\/p>\n","protected":false},"excerpt":{"rendered":"<p>Jednoosovinska prikolica sa nosivo\u0161\u0107u do 4 tone, sa vazdu\u0161nim ko\u010dnicama, balonke gumama, duplim stranicama i kipanjem na tri strana.<\/p>\n","protected":false},"featured_media":18343,"comment_status":"open","ping_status":"closed","template":"","meta":{"_acf_changed":false},"product_cat":[36],"product_tag":[],"class_list":{"0":"post-12574","1":"product","2":"type-product","3":"status-publish","4":"has-post-thumbnail","6":"product_cat-prikolice-za-traktor","7":"product_shipping_class-ostale-kategorije-srbija","8":"pa_b-fermak","9":"pa_kipanje-sa-kipanjem-na-tri-strane","10":"pa_market-ba","11":"pa_market-mk","12":"pa_market-rs","13":"pa_nosivost-prikolice-4-t","14":"pa_tip-kocnice-pneumatske","16":"first","17":"instock","18":"sale","19":"taxable","20":"shipping-taxable","21":"purchasable","22":"product-type-simple"},"acf":[],"seolaxy_ctr_woo_product_custom_meta_description_content":"","_links":{"self":[{"href":"https:\/\/www.sinpeks.com\/rs\/wp-json\/wp\/v2\/product\/12574","targetHints":{"allow":["GET"]}}],"collection":[{"href":"https:\/\/www.sinpeks.com\/rs\/wp-json\/wp\/v2\/product"}],"about":[{"href":"https:\/\/www.sinpeks.com\/rs\/wp-json\/wp\/v2\/types\/product"}],"replies":[{"embeddable":true,"href":"https:\/\/www.sinpeks.com\/rs\/wp-json\/wp\/v2\/comments?post=12574"}],"wp:featuredmedia":[{"embeddable":true,"href":"https:\/\/www.sinpeks.com\/rs\/wp-json\/wp\/v2\/media\/18343"}],"wp:attachment":[{"href":"https:\/\/www.sinpeks.com\/rs\/wp-json\/wp\/v2\/media?parent=12574"}],"wp:term":[{"taxonomy":"product_cat","embeddable":true,"href":"https:\/\/www.sinpeks.com\/rs\/wp-json\/wp\/v2\/product_cat?post=12574"},{"taxonomy":"product_tag","embeddable":true,"href":"https:\/\/www.sinpeks.com\/rs\/wp-json\/wp\/v2\/product_tag?post=12574"}],"curies":[{"name":"wp","href":"https:\/\/api.w.org\/{rel}","templated":true}]}}