{"id":12572,"date":"2024-11-19T18:02:12","date_gmt":"2024-11-19T18:02:12","guid":{"rendered":"https:\/\/www.sinpeks.com\/rs\/p\/rolobaler-agrina-sa-ostricama-120cm\/"},"modified":"2026-01-13T11:17:04","modified_gmt":"2026-01-13T11:17:04","slug":"rolobaler-agrina-sa-ostricama-120cm","status":"publish","type":"product","link":"https:\/\/www.sinpeks.com\/rs\/p\/rolobaler-agrina-sa-ostricama-120cm\/","title":{"rendered":"Rolobaler Agrina sa o\u0161tricama 120cm"},"content":{"rendered":"<p>SRB je velika ma\u0161ina za baliranje okruglih bala sa pik-ap opcijom. Proizvodi okrugle bale dimenzija 1200 x 1220 mm i volumenom od 1.5 m3 koje su vezivane koncem. Opremljen je hidrauli\u010dnim podizanjem, digitalnim broja\u010dem bala i elektronskim signalima za ozna\u010davanje zavr\u0161etka baliranja. Sa manje izlivanja i boljim sabijanjem, ona ima veoma niske tro\u0161kove odr\u017eavanja i vlasni\u0161tva, \u0161to je \u010dini ekonomski odr\u017eivom, a samim tim i veoma profitabilnim za poljoprivrednike.<\/p>\n","protected":false},"excerpt":{"rendered":"<p>SRB je velika ma\u0161ina za baliranje okruglih bala sa pik-ap opcijom. Proizvodi okrugle bale dimenzija 1200 x 1220 mm i volumenom od 1.5 m3 koje su vezivane koncem. Opremljen je hidrauli\u010dnim podizanjem, digitalnim broja\u010dem bala i elektronskim signalima za ozna\u010davanje zavr\u0161etka baliranja. Sa manje izlivanja i boljim sabijanjem, ona ima veoma niske tro\u0161kove odr\u017eavanja i [&hellip;]<\/p>\n","protected":false},"featured_media":15972,"comment_status":"open","ping_status":"closed","template":"","meta":{"_acf_changed":false},"product_cat":[98],"product_tag":[],"class_list":{"0":"post-12572","1":"product","2":"type-product","3":"status-publish","4":"has-post-thumbnail","6":"product_cat-prese-za-baliranje","7":"product_shipping_class-ostale-kategorije-makedonija","8":"pa_b-agrina","9":"pa_market-ba","10":"pa_market-mk","11":"pa_market-rs","12":"pa_min-snaga-traktora-45-ks","13":"pa_radna-sirina-120-cm","15":"first","16":"outofstock","17":"sale","18":"taxable","19":"shipping-taxable","20":"purchasable","21":"product-type-simple"},"acf":[],"seolaxy_ctr_woo_product_custom_meta_description_content":"","_links":{"self":[{"href":"https:\/\/www.sinpeks.com\/rs\/wp-json\/wp\/v2\/product\/12572","targetHints":{"allow":["GET"]}}],"collection":[{"href":"https:\/\/www.sinpeks.com\/rs\/wp-json\/wp\/v2\/product"}],"about":[{"href":"https:\/\/www.sinpeks.com\/rs\/wp-json\/wp\/v2\/types\/product"}],"replies":[{"embeddable":true,"href":"https:\/\/www.sinpeks.com\/rs\/wp-json\/wp\/v2\/comments?post=12572"}],"wp:featuredmedia":[{"embeddable":true,"href":"https:\/\/www.sinpeks.com\/rs\/wp-json\/wp\/v2\/media\/15972"}],"wp:attachment":[{"href":"https:\/\/www.sinpeks.com\/rs\/wp-json\/wp\/v2\/media?parent=12572"}],"wp:term":[{"taxonomy":"product_cat","embeddable":true,"href":"https:\/\/www.sinpeks.com\/rs\/wp-json\/wp\/v2\/product_cat?post=12572"},{"taxonomy":"product_tag","embeddable":true,"href":"https:\/\/www.sinpeks.com\/rs\/wp-json\/wp\/v2\/product_tag?post=12572"}],"curies":[{"name":"wp","href":"https:\/\/api.w.org\/{rel}","templated":true}]}}