{"id":12570,"date":"2024-11-19T18:02:11","date_gmt":"2024-11-19T18:02:11","guid":{"rendered":"https:\/\/www.sinpeks.com\/rs\/p\/presa-za-baliranje-sipma-pk-4000-kostka\/"},"modified":"2026-01-13T10:44:57","modified_gmt":"2026-01-13T10:44:57","slug":"presa-za-baliranje-sipma-pk-4000-kostka","status":"publish","type":"product","link":"https:\/\/www.sinpeks.com\/rs\/p\/presa-za-baliranje-sipma-pk-4000-kostka\/","title":{"rendered":"Presa za baliranje SIPMA PK 4000 KOSTKA sa kardanom"},"content":{"rendered":"<p>Balirka za kockaste bale SIPMA PK 4000 KOSTKA je odli\u010dna ma\u0161ina za baliranje slame, efikasna i u baliranju sena sa mehani\u010dkim podizanjem. Optimalan dizajn, odli\u010dni radni parametri, kao i visoka izdr\u017eljivost i pouzdanost su razlozi zbog kojih SIPMA S.A. proizvodi ove ma\u0161ine vi\u0161e od 30 godina, neprestano unapre\u0111ujuc\u0301i ih. Poljoprivrednicima je do sada prodato skoro 100.000 ma\u0161ina.<\/p>\n","protected":false},"excerpt":{"rendered":"<p>Balirka za kockaste bale SIPMA PK 4000 KOSTKA je odli\u010dna ma\u0161ina za baliranje slame, efikasna i u baliranju sena sa mehani\u010dkim podizanjem. Optimalan dizajn, odli\u010dni radni parametri, kao i visoka izdr\u017eljivost i pouzdanost su razlozi zbog kojih SIPMA S.A. proizvodi ove ma\u0161ine vi\u0161e od 30 godina, neprestano unapre\u0111ujuc\u0301i ih. Poljoprivrednicima je do sada prodato skoro [&hellip;]<\/p>\n","protected":false},"featured_media":15965,"comment_status":"open","ping_status":"closed","template":"","meta":{"_acf_changed":false},"product_cat":[98],"product_tag":[],"class_list":{"0":"post-12570","1":"product","2":"type-product","3":"status-publish","4":"has-post-thumbnail","6":"product_cat-prese-za-baliranje","7":"product_shipping_class-ostale-kategorije-makedonija","8":"pa_b-sipma","9":"pa_market-ba","10":"pa_market-mk","11":"pa_market-rs","12":"pa_min-snaga-traktora-48-ks","13":"pa_radna-sirina-178-cm","15":"first","16":"outofstock","17":"sale","18":"taxable","19":"shipping-taxable","20":"purchasable","21":"product-type-simple"},"acf":[],"seolaxy_ctr_woo_product_custom_meta_description_content":"","_links":{"self":[{"href":"https:\/\/www.sinpeks.com\/rs\/wp-json\/wp\/v2\/product\/12570","targetHints":{"allow":["GET"]}}],"collection":[{"href":"https:\/\/www.sinpeks.com\/rs\/wp-json\/wp\/v2\/product"}],"about":[{"href":"https:\/\/www.sinpeks.com\/rs\/wp-json\/wp\/v2\/types\/product"}],"replies":[{"embeddable":true,"href":"https:\/\/www.sinpeks.com\/rs\/wp-json\/wp\/v2\/comments?post=12570"}],"wp:featuredmedia":[{"embeddable":true,"href":"https:\/\/www.sinpeks.com\/rs\/wp-json\/wp\/v2\/media\/15965"}],"wp:attachment":[{"href":"https:\/\/www.sinpeks.com\/rs\/wp-json\/wp\/v2\/media?parent=12570"}],"wp:term":[{"taxonomy":"product_cat","embeddable":true,"href":"https:\/\/www.sinpeks.com\/rs\/wp-json\/wp\/v2\/product_cat?post=12570"},{"taxonomy":"product_tag","embeddable":true,"href":"https:\/\/www.sinpeks.com\/rs\/wp-json\/wp\/v2\/product_tag?post=12570"}],"curies":[{"name":"wp","href":"https:\/\/api.w.org\/{rel}","templated":true}]}}