{"id":12568,"date":"2024-11-19T18:02:10","date_gmt":"2024-11-19T18:02:10","guid":{"rendered":"https:\/\/www.sinpeks.com\/rs\/p\/sadilica-za-belog-i-crnog-luka-bomet\/"},"modified":"2026-01-21T11:38:31","modified_gmt":"2026-01-21T11:38:31","slug":"sadilica-belog-i-crnog-luka-bomet","status":"publish","type":"product","link":"https:\/\/www.sinpeks.com\/rs\/p\/sadilica-belog-i-crnog-luka-bomet\/","title":{"rendered":"Sadilica za beli i crni luk Bomet"},"content":{"rendered":"<p>Sadilica Bomet je 5-redna ma\u0161ina za sadnju povrc\u0301a kao \u0161to su crni luk i beli luk. Prilago\u0111ena je za saradnju sa traktorima od 38 KS opremljenim sistemom priklju\u010dka u 3 ta\u010dke, II kategorija.<br \/>\nDubina sadnje: 3\/5\/7\/9 cm. Rastojanje izme\u0111u redova 12-24 cm. \u0160irina cevi za seme: 28mm. Sadilice su savr\u0161ene za planta\u017ee u malim i srednjim farmama.<\/p>\n<p>&nbsp;<\/p>\n","protected":false},"excerpt":{"rendered":"<p>Sadilica Bomet je 5-redna ma\u0161ina za sadnju povrc\u0301a kao \u0161to su crni luk i beli luk. Prilago\u0111ena je za saradnju sa traktorima od 38 KS opremljenim sistemom priklju\u010dka u 3 ta\u010dke, II kategorija. Dubina sadnje: 3\/5\/7\/9 cm. Rastojanje izme\u0111u redova 12-24 cm. \u0160irina cevi za seme: 28mm. Sadilice su savr\u0161ene za planta\u017ee u malim i [&hellip;]<\/p>\n","protected":false},"featured_media":15963,"comment_status":"open","ping_status":"closed","template":"","meta":{"_acf_changed":false},"product_cat":[92],"product_tag":[],"class_list":{"0":"post-12568","1":"product","2":"type-product","3":"status-publish","4":"has-post-thumbnail","6":"product_cat-za-luk","7":"product_shipping_class-ostale-kategorije-srbija","8":"pa_b-bomet","9":"pa_broj-radnih-tela-3862","10":"pa_market-ba","11":"pa_market-mk","12":"pa_market-rs","13":"pa_min-snaga-traktora-40-ks","14":"pa_tip-masine-po-redovima-petoredne","16":"first","17":"instock","18":"sale","19":"taxable","20":"shipping-taxable","21":"purchasable","22":"product-type-simple"},"acf":[],"seolaxy_ctr_woo_product_custom_meta_description_content":"","_links":{"self":[{"href":"https:\/\/www.sinpeks.com\/rs\/wp-json\/wp\/v2\/product\/12568","targetHints":{"allow":["GET"]}}],"collection":[{"href":"https:\/\/www.sinpeks.com\/rs\/wp-json\/wp\/v2\/product"}],"about":[{"href":"https:\/\/www.sinpeks.com\/rs\/wp-json\/wp\/v2\/types\/product"}],"replies":[{"embeddable":true,"href":"https:\/\/www.sinpeks.com\/rs\/wp-json\/wp\/v2\/comments?post=12568"}],"wp:featuredmedia":[{"embeddable":true,"href":"https:\/\/www.sinpeks.com\/rs\/wp-json\/wp\/v2\/media\/15963"}],"wp:attachment":[{"href":"https:\/\/www.sinpeks.com\/rs\/wp-json\/wp\/v2\/media?parent=12568"}],"wp:term":[{"taxonomy":"product_cat","embeddable":true,"href":"https:\/\/www.sinpeks.com\/rs\/wp-json\/wp\/v2\/product_cat?post=12568"},{"taxonomy":"product_tag","embeddable":true,"href":"https:\/\/www.sinpeks.com\/rs\/wp-json\/wp\/v2\/product_tag?post=12568"}],"curies":[{"name":"wp","href":"https:\/\/api.w.org\/{rel}","templated":true}]}}