{"id":12567,"date":"2024-11-19T18:02:09","date_gmt":"2024-11-19T18:02:09","guid":{"rendered":"https:\/\/www.sinpeks.com\/rs\/p\/sadilica-za-papriku-i-duvan-3-redna-agrobar\/"},"modified":"2026-01-13T10:43:08","modified_gmt":"2026-01-13T10:43:08","slug":"sadilica-za-papriku-i-duvan-3-redna-agrobar","status":"publish","type":"product","link":"https:\/\/www.sinpeks.com\/rs\/p\/sadilica-za-papriku-i-duvan-3-redna-agrobar\/","title":{"rendered":"Sadilica za papriku i duvan  3 redna Agrobar"},"content":{"rendered":"<p>Priklju\u010dna ma\u0161ina za traktor koja se koristi za sadnju paprike i duvana. Raspola\u017ee sa tri baterije za sadnju, platformom\u00a0 za rasad, crevom za vodu i dr\u017ea\u010dem za bure za vodu.<\/p>\n<p class=\"cs7CED571B\">\n","protected":false},"excerpt":{"rendered":"<p>Priklju\u010dna ma\u0161ina za traktor koja se koristi za sadnju paprike i duvana. Raspola\u017ee sa tri baterije za sadnju, platformom\u00a0 za rasad, crevom za vodu i dr\u017ea\u010dem za bure za vodu.<\/p>\n","protected":false},"featured_media":15962,"comment_status":"open","ping_status":"closed","template":"","meta":{"_acf_changed":false},"product_cat":[93],"product_tag":[],"class_list":{"0":"post-12567","1":"product","2":"type-product","3":"status-publish","4":"has-post-thumbnail","6":"product_cat-za-papriku-duvan","7":"product_shipping_class-ostale-kategorije-makedonija","8":"pa_b-agrobar","9":"pa_broj-radnih-tela-3854","10":"pa_market-ba","11":"pa_market-mk","12":"pa_market-rs","13":"pa_min-snaga-traktora-15-ks","14":"pa_tip-masine-po-redovima-troredne","16":"first","17":"outofstock","18":"sale","19":"taxable","20":"shipping-taxable","21":"purchasable","22":"product-type-simple"},"acf":[],"seolaxy_ctr_woo_product_custom_meta_description_content":"","_links":{"self":[{"href":"https:\/\/www.sinpeks.com\/rs\/wp-json\/wp\/v2\/product\/12567","targetHints":{"allow":["GET"]}}],"collection":[{"href":"https:\/\/www.sinpeks.com\/rs\/wp-json\/wp\/v2\/product"}],"about":[{"href":"https:\/\/www.sinpeks.com\/rs\/wp-json\/wp\/v2\/types\/product"}],"replies":[{"embeddable":true,"href":"https:\/\/www.sinpeks.com\/rs\/wp-json\/wp\/v2\/comments?post=12567"}],"wp:featuredmedia":[{"embeddable":true,"href":"https:\/\/www.sinpeks.com\/rs\/wp-json\/wp\/v2\/media\/15962"}],"wp:attachment":[{"href":"https:\/\/www.sinpeks.com\/rs\/wp-json\/wp\/v2\/media?parent=12567"}],"wp:term":[{"taxonomy":"product_cat","embeddable":true,"href":"https:\/\/www.sinpeks.com\/rs\/wp-json\/wp\/v2\/product_cat?post=12567"},{"taxonomy":"product_tag","embeddable":true,"href":"https:\/\/www.sinpeks.com\/rs\/wp-json\/wp\/v2\/product_tag?post=12567"}],"curies":[{"name":"wp","href":"https:\/\/api.w.org\/{rel}","templated":true}]}}