{"id":12566,"date":"2024-11-19T18:02:09","date_gmt":"2024-11-19T18:02:09","guid":{"rendered":"https:\/\/www.sinpeks.com\/rs\/p\/sadilica-za-krompir-2-reda-bomet-62-5-675\/"},"modified":"2026-01-13T11:21:07","modified_gmt":"2026-01-13T11:21:07","slug":"sadilica-za-krompir-2-reda-bomet-62-5-675","status":"publish","type":"product","link":"https:\/\/www.sinpeks.com\/rs\/p\/sadilica-za-krompir-2-reda-bomet-62-5-675\/","title":{"rendered":"Sadilica za krompir 2 reda Bomet 62,5 \/ 67,5"},"content":{"rendered":"<p>Dvoredna priklju\u010dna ma\u0161ina za traktor koja se koristi za sadnju krompira. Priklju\u010dak ma\u0161ine je standardni 3 ta\u010dke kategorija II. Sadnja se mo\u017ee vr\u0161iti na me\u0111urednom rastojanju od 62,5 \/ 67,5 cm a seme na 29 cm 32 cm i 35 cm promenljivom rastojanju sa metalnim to\u010dkovima i na konstantnom rastojanju od 32 cm sa gumenim to\u010dkovima. Dubina sadnje je 10-15 cm.<\/p>\n","protected":false},"excerpt":{"rendered":"<p>Dvoredna priklju\u010dna ma\u0161ina za traktor koja se koristi za sadnju krompira. Priklju\u010dak ma\u0161ine je standardni 3 ta\u010dke kategorija II. Sadnja se mo\u017ee vr\u0161iti na me\u0111urednom rastojanju od 62,5 \/ 67,5 cm a seme na 29 cm 32 cm i 35 cm promenljivom rastojanju sa metalnim to\u010dkovima i na konstantnom rastojanju od 32 cm sa gumenim [&hellip;]<\/p>\n","protected":false},"featured_media":15961,"comment_status":"open","ping_status":"closed","template":"","meta":{"_acf_changed":false},"product_cat":[91],"product_tag":[],"class_list":{"0":"post-12566","1":"product","2":"type-product","3":"status-publish","4":"has-post-thumbnail","6":"product_cat-za-krompir","7":"product_shipping_class-ostale-kategorije-makedonija","8":"pa_b-bomet","9":"pa_broj-radnih-tela-3887","10":"pa_kapacitet-rezervoara-180kg","11":"pa_market-ba","12":"pa_market-mk","13":"pa_market-rs","14":"pa_min-snaga-traktora-38-ks","15":"pa_tip-masine-po-redovima-dvoredne","17":"first","18":"outofstock","19":"sale","20":"taxable","21":"shipping-taxable","22":"purchasable","23":"product-type-simple"},"acf":[],"seolaxy_ctr_woo_product_custom_meta_description_content":"","_links":{"self":[{"href":"https:\/\/www.sinpeks.com\/rs\/wp-json\/wp\/v2\/product\/12566","targetHints":{"allow":["GET"]}}],"collection":[{"href":"https:\/\/www.sinpeks.com\/rs\/wp-json\/wp\/v2\/product"}],"about":[{"href":"https:\/\/www.sinpeks.com\/rs\/wp-json\/wp\/v2\/types\/product"}],"replies":[{"embeddable":true,"href":"https:\/\/www.sinpeks.com\/rs\/wp-json\/wp\/v2\/comments?post=12566"}],"wp:featuredmedia":[{"embeddable":true,"href":"https:\/\/www.sinpeks.com\/rs\/wp-json\/wp\/v2\/media\/15961"}],"wp:attachment":[{"href":"https:\/\/www.sinpeks.com\/rs\/wp-json\/wp\/v2\/media?parent=12566"}],"wp:term":[{"taxonomy":"product_cat","embeddable":true,"href":"https:\/\/www.sinpeks.com\/rs\/wp-json\/wp\/v2\/product_cat?post=12566"},{"taxonomy":"product_tag","embeddable":true,"href":"https:\/\/www.sinpeks.com\/rs\/wp-json\/wp\/v2\/product_tag?post=12566"}],"curies":[{"name":"wp","href":"https:\/\/api.w.org\/{rel}","templated":true}]}}