{"id":12564,"date":"2024-11-19T18:02:07","date_gmt":"2024-11-19T18:02:07","guid":{"rendered":"https:\/\/www.sinpeks.com\/rs\/p\/sadilica-za-krompir-1-red-bomet\/"},"modified":"2026-04-23T09:30:51","modified_gmt":"2026-04-23T09:30:51","slug":"sadilica-za-krompir-1-red-bomet","status":"publish","type":"product","link":"https:\/\/www.sinpeks.com\/rs\/p\/sadilica-za-krompir-1-red-bomet\/","title":{"rendered":"Sadilica za krompir 1 red Bomet"},"content":{"rendered":"<p>Jednoredna priklju\u010dna ma\u0161ina za traktor koja se koristi za sadnju krompira. Priklju\u010dak ma\u0161ine je standardni na 3 ta\u010dke, kategorija 1N. Sadnja se mo\u017ee vr\u0161iti na promenljivom rastojanju od 29 cm, 32 cm i 35 cm sa metalnim to\u010dkovima i na konstantnom rastojanju od 32 cm sa gumenim to\u010dkovima. Dubina sadnje je 10-15 cm.<\/p>\n","protected":false},"excerpt":{"rendered":"<p>Jednoredna priklju\u010dna ma\u0161ina za traktor koja se koristi za sadnju krompira. Priklju\u010dak ma\u0161ine je standardni na 3 ta\u010dke, kategorija 1N. Sadnja se mo\u017ee vr\u0161iti na promenljivom rastojanju od 29 cm, 32 cm i 35 cm sa metalnim to\u010dkovima i na konstantnom rastojanju od 32 cm sa gumenim to\u010dkovima. Dubina sadnje je 10-15 cm.<\/p>\n","protected":false},"featured_media":15959,"comment_status":"open","ping_status":"closed","template":"","meta":{"_acf_changed":false},"product_cat":[91],"product_tag":[],"class_list":{"0":"post-12564","1":"product","2":"type-product","3":"status-publish","4":"has-post-thumbnail","6":"product_cat-za-krompir","7":"product_shipping_class-ostale-kategorije-makedonija","8":"pa_b-bomet","9":"pa_broj-radnih-tela-yes","10":"pa_kapacitet-rezervoara-90kg","11":"pa_market-ba","12":"pa_market-mk","13":"pa_market-rs","14":"pa_min-snaga-traktora-20-ks","15":"pa_tip-masine-po-redovima-jednoredne","17":"first","18":"outofstock","19":"sale","20":"taxable","21":"shipping-taxable","22":"purchasable","23":"product-type-simple"},"acf":[],"seolaxy_ctr_woo_product_custom_meta_description_content":"","_links":{"self":[{"href":"https:\/\/www.sinpeks.com\/rs\/wp-json\/wp\/v2\/product\/12564","targetHints":{"allow":["GET"]}}],"collection":[{"href":"https:\/\/www.sinpeks.com\/rs\/wp-json\/wp\/v2\/product"}],"about":[{"href":"https:\/\/www.sinpeks.com\/rs\/wp-json\/wp\/v2\/types\/product"}],"replies":[{"embeddable":true,"href":"https:\/\/www.sinpeks.com\/rs\/wp-json\/wp\/v2\/comments?post=12564"}],"wp:featuredmedia":[{"embeddable":true,"href":"https:\/\/www.sinpeks.com\/rs\/wp-json\/wp\/v2\/media\/15959"}],"wp:attachment":[{"href":"https:\/\/www.sinpeks.com\/rs\/wp-json\/wp\/v2\/media?parent=12564"}],"wp:term":[{"taxonomy":"product_cat","embeddable":true,"href":"https:\/\/www.sinpeks.com\/rs\/wp-json\/wp\/v2\/product_cat?post=12564"},{"taxonomy":"product_tag","embeddable":true,"href":"https:\/\/www.sinpeks.com\/rs\/wp-json\/wp\/v2\/product_tag?post=12564"}],"curies":[{"name":"wp","href":"https:\/\/api.w.org\/{rel}","templated":true}]}}