{"id":12557,"date":"2024-11-19T18:02:04","date_gmt":"2024-11-19T18:02:04","guid":{"rendered":"https:\/\/www.sinpeks.com\/rs\/p\/prskalica-ontar-bufer-1000l-sa-hidraulicnim-ramom-16-m\/"},"modified":"2026-01-13T11:25:10","modified_gmt":"2026-01-13T11:25:10","slug":"prskalica-ontar-bufer-1000l-sa-hidraulicnim-ramom-16-m","status":"publish","type":"product","link":"https:\/\/www.sinpeks.com\/rs\/p\/prskalica-ontar-bufer-1000l-sa-hidraulicnim-ramom-16-m\/","title":{"rendered":"Prskalica Ontar-Bufer  1000l sa hidrauli\u010dnim ramom 16 m"},"content":{"rendered":"<p>No\u0161ena prskalica ONTAR sa hidrauli\u010dnim ramom od 16 matara, 4-klipnom pumpom sa protokom od 140 litara u minuti. Ima kapacitet polietilenskog tanka od 1000 litara i rezervoar sa \u010distom vodom za pranje ruku.<\/p>\n","protected":false},"excerpt":{"rendered":"<p>No\u0161ena prskalica ONTAR sa hidrauli\u010dnim ramom od 16 matara, 4-klipnom pumpom sa protokom od 140 litara u minuti. Ima kapacitet polietilenskog tanka od 1000 litara i rezervoar sa \u010distom vodom za pranje ruku.<\/p>\n","protected":false},"featured_media":15952,"comment_status":"open","ping_status":"closed","template":"","meta":{"_acf_changed":false},"product_cat":[100],"product_tag":[],"class_list":{"0":"post-12557","1":"product","2":"type-product","3":"status-publish","4":"has-post-thumbnail","6":"product_cat-prskalice-za-traktor","7":"product_shipping_class-ostale-kategorije-makedonija","8":"pa_b-bufer","9":"pa_duzina-rama-16-m","10":"pa_market-ba","11":"pa_market-mk","12":"pa_market-rs","13":"pa_tip-masine-nosene","14":"pa_tip-rama-sa-hidraulicnim-ramom","15":"pa_zapremina-rezervoara-1000-l","17":"first","18":"outofstock","19":"sale","20":"taxable","21":"shipping-taxable","22":"purchasable","23":"product-type-simple"},"acf":[],"seolaxy_ctr_woo_product_custom_meta_description_content":"","_links":{"self":[{"href":"https:\/\/www.sinpeks.com\/rs\/wp-json\/wp\/v2\/product\/12557","targetHints":{"allow":["GET"]}}],"collection":[{"href":"https:\/\/www.sinpeks.com\/rs\/wp-json\/wp\/v2\/product"}],"about":[{"href":"https:\/\/www.sinpeks.com\/rs\/wp-json\/wp\/v2\/types\/product"}],"replies":[{"embeddable":true,"href":"https:\/\/www.sinpeks.com\/rs\/wp-json\/wp\/v2\/comments?post=12557"}],"wp:featuredmedia":[{"embeddable":true,"href":"https:\/\/www.sinpeks.com\/rs\/wp-json\/wp\/v2\/media\/15952"}],"wp:attachment":[{"href":"https:\/\/www.sinpeks.com\/rs\/wp-json\/wp\/v2\/media?parent=12557"}],"wp:term":[{"taxonomy":"product_cat","embeddable":true,"href":"https:\/\/www.sinpeks.com\/rs\/wp-json\/wp\/v2\/product_cat?post=12557"},{"taxonomy":"product_tag","embeddable":true,"href":"https:\/\/www.sinpeks.com\/rs\/wp-json\/wp\/v2\/product_tag?post=12557"}],"curies":[{"name":"wp","href":"https:\/\/api.w.org\/{rel}","templated":true}]}}