{"id":12554,"date":"2024-11-19T18:02:02","date_gmt":"2024-11-19T18:02:02","guid":{"rendered":"https:\/\/www.sinpeks.com\/rs\/p\/prskalica-nosena-ontar-buffer-1000l-sa-hidraulicnim-ramom-15-m\/"},"modified":"2026-01-30T11:35:57","modified_gmt":"2026-01-30T11:35:57","slug":"prskalica-nosena-ontar-buffer-1000l-sa-hidraulicnim-ramom-15-m","status":"publish","type":"product","link":"https:\/\/www.sinpeks.com\/rs\/p\/prskalica-nosena-ontar-buffer-1000l-sa-hidraulicnim-ramom-15-m\/","title":{"rendered":"Prskalica no\u0161ena Ontar-Buffer 1000l sa hidrauli\u010dnim ramom 15 m"},"content":{"rendered":"<p>No\u0161ena prskalica ONTAR sa hidrauli\u010dnim ramom od 15 metara, pogodna za prskanje svih ratarskih kultura protiv korova i insekata. Ima kapacitet posude od 1000 litara.<\/p>\n","protected":false},"excerpt":{"rendered":"<p>No\u0161ena prskalica ONTAR sa hidrauli\u010dnim ramom od 15 metara, pogodna za prskanje svih ratarskih kultura protiv korova i insekata. Ima kapacitet posude od 1000 litara.<\/p>\n","protected":false},"featured_media":18006,"comment_status":"open","ping_status":"closed","template":"","meta":{"_acf_changed":false},"product_cat":[100],"product_tag":[],"class_list":{"0":"post-12554","1":"product","2":"type-product","3":"status-publish","4":"has-post-thumbnail","6":"product_cat-prskalice-za-traktor","7":"product_shipping_class-ostale-kategorije-makedonija","8":"pa_b-bufer","9":"pa_duzina-rama-15-m","10":"pa_market-ba","11":"pa_market-mk","12":"pa_market-rs","13":"pa_tip-masine-nosene","14":"pa_tip-rama-sa-hidraulicnim-ramom","15":"pa_zapremina-rezervoara-1000-l","17":"first","18":"instock","19":"sale","20":"taxable","21":"shipping-taxable","22":"purchasable","23":"product-type-simple"},"acf":[],"seolaxy_ctr_woo_product_custom_meta_description_content":"","_links":{"self":[{"href":"https:\/\/www.sinpeks.com\/rs\/wp-json\/wp\/v2\/product\/12554","targetHints":{"allow":["GET"]}}],"collection":[{"href":"https:\/\/www.sinpeks.com\/rs\/wp-json\/wp\/v2\/product"}],"about":[{"href":"https:\/\/www.sinpeks.com\/rs\/wp-json\/wp\/v2\/types\/product"}],"replies":[{"embeddable":true,"href":"https:\/\/www.sinpeks.com\/rs\/wp-json\/wp\/v2\/comments?post=12554"}],"wp:featuredmedia":[{"embeddable":true,"href":"https:\/\/www.sinpeks.com\/rs\/wp-json\/wp\/v2\/media\/18006"}],"wp:attachment":[{"href":"https:\/\/www.sinpeks.com\/rs\/wp-json\/wp\/v2\/media?parent=12554"}],"wp:term":[{"taxonomy":"product_cat","embeddable":true,"href":"https:\/\/www.sinpeks.com\/rs\/wp-json\/wp\/v2\/product_cat?post=12554"},{"taxonomy":"product_tag","embeddable":true,"href":"https:\/\/www.sinpeks.com\/rs\/wp-json\/wp\/v2\/product_tag?post=12554"}],"curies":[{"name":"wp","href":"https:\/\/api.w.org\/{rel}","templated":true}]}}