{"id":12550,"date":"2024-11-19T18:02:00","date_gmt":"2024-11-19T18:02:00","guid":{"rendered":"https:\/\/www.sinpeks.com\/rs\/p\/atomizer-ontar-buferagri-300lit-q60kprs\/"},"modified":"2026-03-04T07:41:11","modified_gmt":"2026-03-04T07:41:11","slug":"atomizer-ontar-buferagri-300lit-q60kprs","status":"publish","type":"product","link":"https:\/\/www.sinpeks.com\/rs\/p\/atomizer-ontar-buferagri-300lit-q60kprs\/","title":{"rendered":"Atomizer Ontar-Buferagri 300lit. Q60KPRS"},"content":{"rendered":"<p>Ma\u0161ina za prskanje za\u0161titnih sredstava u vo\u0107arstvu i vinogradarstvu sa kapacitetom polietilenske posude od 300 litara i 3-klipnom pumpom.<\/p>\n","protected":false},"excerpt":{"rendered":"<p>Ma\u0161ina za prskanje za\u0161titnih sredstava u vo\u0107arstvu i vinogradarstvu sa kapacitetom polietilenske posude od 300 litara i 3-klipnom pumpom.<\/p>\n","protected":false},"featured_media":15945,"comment_status":"open","ping_status":"closed","template":"","meta":{"_acf_changed":false},"product_cat":[84],"product_tag":[],"class_list":{"0":"post-12550","1":"product","2":"type-product","3":"status-publish","4":"has-post-thumbnail","6":"product_cat-atomizeri","7":"product_shipping_class-ostale-kategorije-makedonija","8":"pa_b-bufer","9":"pa_market-ba","10":"pa_market-mk","11":"pa_market-rs","12":"pa_tip-atomizera-noseni","13":"pa_zapremina-rezervoara-300l","15":"first","16":"outofstock","17":"sale","18":"taxable","19":"shipping-taxable","20":"purchasable","21":"product-type-simple"},"acf":[],"seolaxy_ctr_woo_product_custom_meta_description_content":"","_links":{"self":[{"href":"https:\/\/www.sinpeks.com\/rs\/wp-json\/wp\/v2\/product\/12550","targetHints":{"allow":["GET"]}}],"collection":[{"href":"https:\/\/www.sinpeks.com\/rs\/wp-json\/wp\/v2\/product"}],"about":[{"href":"https:\/\/www.sinpeks.com\/rs\/wp-json\/wp\/v2\/types\/product"}],"replies":[{"embeddable":true,"href":"https:\/\/www.sinpeks.com\/rs\/wp-json\/wp\/v2\/comments?post=12550"}],"wp:featuredmedia":[{"embeddable":true,"href":"https:\/\/www.sinpeks.com\/rs\/wp-json\/wp\/v2\/media\/15945"}],"wp:attachment":[{"href":"https:\/\/www.sinpeks.com\/rs\/wp-json\/wp\/v2\/media?parent=12550"}],"wp:term":[{"taxonomy":"product_cat","embeddable":true,"href":"https:\/\/www.sinpeks.com\/rs\/wp-json\/wp\/v2\/product_cat?post=12550"},{"taxonomy":"product_tag","embeddable":true,"href":"https:\/\/www.sinpeks.com\/rs\/wp-json\/wp\/v2\/product_tag?post=12550"}],"curies":[{"name":"wp","href":"https:\/\/api.w.org\/{rel}","templated":true}]}}