{"id":12547,"date":"2024-11-19T18:01:58","date_gmt":"2024-11-19T18:01:58","guid":{"rendered":"https:\/\/www.sinpeks.com\/rs\/p\/atomizer-ontar-buffer-400l-sa-kardanom\/"},"modified":"2026-04-23T09:28:56","modified_gmt":"2026-04-23T09:28:56","slug":"atomizer-ontar-buffer-400l-sa-kardanom","status":"publish","type":"product","link":"https:\/\/www.sinpeks.com\/rs\/p\/atomizer-ontar-buffer-400l-sa-kardanom\/","title":{"rendered":"Atomizer Ontar-Buffer 400l sa kardanom"},"content":{"rendered":"<p>No\u0161eni atomizer namenjen za prskanje za\u0161titnih sredstava u vo\u0107arstvu i vinogradarstvu. Ima polietilensku posudu sa kapacitetom od 400 litara i pumpom sa tri klipa.<\/p>\n","protected":false},"excerpt":{"rendered":"<p>No\u0161eni atomizer namenjen za prskanje za\u0161titnih sredstava u vo\u0107arstvu i vinogradarstvu. Ima polietilensku posudu sa kapacitetom od 400 litara i pumpom sa tri klipa.<\/p>\n","protected":false},"featured_media":19107,"comment_status":"open","ping_status":"closed","template":"","meta":{"_acf_changed":false},"product_cat":[84],"product_tag":[],"class_list":{"0":"post-12547","1":"product","2":"type-product","3":"status-publish","4":"has-post-thumbnail","6":"product_cat-atomizeri","7":"product_shipping_class-ostale-kategorije-srbija","8":"pa_b-bufer","9":"pa_market-ba","10":"pa_market-mk","11":"pa_market-rs","12":"pa_tip-atomizera-noseni","13":"pa_zapremina-rezervoara-400-l","15":"first","16":"instock","17":"sale","18":"taxable","19":"shipping-taxable","20":"purchasable","21":"product-type-simple"},"acf":[],"seolaxy_ctr_woo_product_custom_meta_description_content":"","_links":{"self":[{"href":"https:\/\/www.sinpeks.com\/rs\/wp-json\/wp\/v2\/product\/12547","targetHints":{"allow":["GET"]}}],"collection":[{"href":"https:\/\/www.sinpeks.com\/rs\/wp-json\/wp\/v2\/product"}],"about":[{"href":"https:\/\/www.sinpeks.com\/rs\/wp-json\/wp\/v2\/types\/product"}],"replies":[{"embeddable":true,"href":"https:\/\/www.sinpeks.com\/rs\/wp-json\/wp\/v2\/comments?post=12547"}],"wp:featuredmedia":[{"embeddable":true,"href":"https:\/\/www.sinpeks.com\/rs\/wp-json\/wp\/v2\/media\/19107"}],"wp:attachment":[{"href":"https:\/\/www.sinpeks.com\/rs\/wp-json\/wp\/v2\/media?parent=12547"}],"wp:term":[{"taxonomy":"product_cat","embeddable":true,"href":"https:\/\/www.sinpeks.com\/rs\/wp-json\/wp\/v2\/product_cat?post=12547"},{"taxonomy":"product_tag","embeddable":true,"href":"https:\/\/www.sinpeks.com\/rs\/wp-json\/wp\/v2\/product_tag?post=12547"}],"curies":[{"name":"wp","href":"https:\/\/api.w.org\/{rel}","templated":true}]}}