{"id":12546,"date":"2024-11-19T18:01:58","date_gmt":"2024-11-19T18:01:58","guid":{"rendered":"https:\/\/www.sinpeks.com\/rs\/p\/vuceni-atomizer-2000l-poli\/"},"modified":"2026-04-23T09:28:56","modified_gmt":"2026-04-23T09:28:56","slug":"vuceni-atomizer-2000l-poli","status":"publish","type":"product","link":"https:\/\/www.sinpeks.com\/rs\/p\/vuceni-atomizer-2000l-poli\/","title":{"rendered":"Vu\u010deni atomizer 2000l. DIA POLI"},"content":{"rendered":"<p>Vu\u010deni atomizer sa piramidom, renomiranog italijanskog proizvo\u0111a\u010da Friuli Sprayers, sa posudom od 2000 litara, APS 121 pumpom i rezervoarom za \u010distu vodu od 15 litara.<\/p>\n","protected":false},"excerpt":{"rendered":"<p>Vu\u010deni atomizer sa piramidom, renomiranog italijanskog proizvo\u0111a\u010da Friuli Sprayers, sa posudom od 2000 litara, APS 121 pumpom i rezervoarom za \u010distu vodu od 15 litara.<\/p>\n","protected":false},"featured_media":15941,"comment_status":"open","ping_status":"closed","template":"","meta":{"_acf_changed":false},"product_cat":[84],"product_tag":[],"class_list":{"0":"post-12546","1":"product","2":"type-product","3":"status-publish","4":"has-post-thumbnail","6":"product_cat-atomizeri","7":"product_shipping_class-ostale-kategorije-makedonija","8":"pa_b-friuli-sprayers","9":"pa_market-ba","10":"pa_market-mk","11":"pa_market-rs","12":"pa_tip-atomizera-vuceni","13":"pa_zapremina-rezervoara-2000-l","15":"first","16":"instock","17":"sale","18":"taxable","19":"shipping-taxable","20":"purchasable","21":"product-type-simple"},"acf":[],"seolaxy_ctr_woo_product_custom_meta_description_content":"","_links":{"self":[{"href":"https:\/\/www.sinpeks.com\/rs\/wp-json\/wp\/v2\/product\/12546","targetHints":{"allow":["GET"]}}],"collection":[{"href":"https:\/\/www.sinpeks.com\/rs\/wp-json\/wp\/v2\/product"}],"about":[{"href":"https:\/\/www.sinpeks.com\/rs\/wp-json\/wp\/v2\/types\/product"}],"replies":[{"embeddable":true,"href":"https:\/\/www.sinpeks.com\/rs\/wp-json\/wp\/v2\/comments?post=12546"}],"wp:featuredmedia":[{"embeddable":true,"href":"https:\/\/www.sinpeks.com\/rs\/wp-json\/wp\/v2\/media\/15941"}],"wp:attachment":[{"href":"https:\/\/www.sinpeks.com\/rs\/wp-json\/wp\/v2\/media?parent=12546"}],"wp:term":[{"taxonomy":"product_cat","embeddable":true,"href":"https:\/\/www.sinpeks.com\/rs\/wp-json\/wp\/v2\/product_cat?post=12546"},{"taxonomy":"product_tag","embeddable":true,"href":"https:\/\/www.sinpeks.com\/rs\/wp-json\/wp\/v2\/product_tag?post=12546"}],"curies":[{"name":"wp","href":"https:\/\/api.w.org\/{rel}","templated":true}]}}