{"id":12545,"date":"2024-11-19T18:01:57","date_gmt":"2024-11-19T18:01:57","guid":{"rendered":"https:\/\/www.sinpeks.com\/rs\/p\/atomizer-ontar-buffer-1600l-sa-kardanom-vuceni\/"},"modified":"2026-03-03T12:51:34","modified_gmt":"2026-03-03T12:51:34","slug":"atomizer-ontar-buffer-1600l-sa-kardanom-vuceni","status":"publish","type":"product","link":"https:\/\/www.sinpeks.com\/rs\/p\/atomizer-ontar-buffer-1600l-sa-kardanom-vuceni\/","title":{"rendered":"Atomizer Ontar-Buffer 1600l. sa kardanom-vu\u010deni"},"content":{"rendered":"<p>Vu\u010deni atomizer namenjen za za\u0161titu zasada vinograda i vo\u0107njaka sa polietilenskom posudom od 1600 litara, 4 klipnom pumpom sa protokom od 121 l\/min i pre\u010dnikom ventilatora od 900 mm.<\/p>\n","protected":false},"excerpt":{"rendered":"<p>Vu\u010deni atomizer namenjen za za\u0161titu zasada vinograda i vo\u0107njaka sa polietilenskom posudom od 1600 litara, 4 klipnom pumpom sa protokom od 121 l\/min i pre\u010dnikom ventilatora od 900 mm.<\/p>\n","protected":false},"featured_media":19087,"comment_status":"open","ping_status":"closed","template":"","meta":{"_acf_changed":false},"product_cat":[84],"product_tag":[],"class_list":{"0":"post-12545","1":"product","2":"type-product","3":"status-publish","4":"has-post-thumbnail","6":"product_cat-atomizeri","7":"product_shipping_class-ostale-kategorije-makedonija","8":"pa_b-bufer","9":"pa_market-ba","10":"pa_market-mk","11":"pa_market-rs","12":"pa_tip-atomizera-vuceni","13":"pa_zapremina-rezervoara-1600-l","15":"first","16":"outofstock","17":"sale","18":"taxable","19":"shipping-taxable","20":"purchasable","21":"product-type-simple"},"acf":[],"seolaxy_ctr_woo_product_custom_meta_description_content":"","_links":{"self":[{"href":"https:\/\/www.sinpeks.com\/rs\/wp-json\/wp\/v2\/product\/12545","targetHints":{"allow":["GET"]}}],"collection":[{"href":"https:\/\/www.sinpeks.com\/rs\/wp-json\/wp\/v2\/product"}],"about":[{"href":"https:\/\/www.sinpeks.com\/rs\/wp-json\/wp\/v2\/types\/product"}],"replies":[{"embeddable":true,"href":"https:\/\/www.sinpeks.com\/rs\/wp-json\/wp\/v2\/comments?post=12545"}],"wp:featuredmedia":[{"embeddable":true,"href":"https:\/\/www.sinpeks.com\/rs\/wp-json\/wp\/v2\/media\/19087"}],"wp:attachment":[{"href":"https:\/\/www.sinpeks.com\/rs\/wp-json\/wp\/v2\/media?parent=12545"}],"wp:term":[{"taxonomy":"product_cat","embeddable":true,"href":"https:\/\/www.sinpeks.com\/rs\/wp-json\/wp\/v2\/product_cat?post=12545"},{"taxonomy":"product_tag","embeddable":true,"href":"https:\/\/www.sinpeks.com\/rs\/wp-json\/wp\/v2\/product_tag?post=12545"}],"curies":[{"name":"wp","href":"https:\/\/api.w.org\/{rel}","templated":true}]}}