{"id":12543,"date":"2024-11-19T18:01:56","date_gmt":"2024-11-19T18:01:56","guid":{"rendered":"https:\/\/www.sinpeks.com\/rs\/p\/atomizer-panter-ontar-buffer-1000l-sa-kardanom-vuceni\/"},"modified":"2026-03-17T07:53:09","modified_gmt":"2026-03-17T07:53:09","slug":"atomizer-panter-ontar-buffer-1000l-sa-kardanom-vuceni","status":"publish","type":"product","link":"https:\/\/www.sinpeks.com\/rs\/p\/atomizer-panter-ontar-buffer-1000l-sa-kardanom-vuceni\/","title":{"rendered":"Atomizer Panter (Ontar-Buffer) 1000l sa kardanom-vu\u010deni"},"content":{"rendered":"<p>Vu\u010deni atomizer namenjen za za\u0161titu zasada vinograda i vo\u0107njaka. Ima kapacitet od 1000 litara i protok pumpe od 121 l\/min.<\/p>\n","protected":false},"excerpt":{"rendered":"<p>Vu\u010deni atomizer namenjen za za\u0161titu zasada vinograda i vo\u0107njaka. Ima kapacitet od 1000 litara i protok pumpe od 121 l\/min.<\/p>\n","protected":false},"featured_media":15938,"comment_status":"open","ping_status":"closed","template":"","meta":{"_acf_changed":false},"product_cat":[84],"product_tag":[],"class_list":{"0":"post-12543","1":"product","2":"type-product","3":"status-publish","4":"has-post-thumbnail","6":"product_cat-atomizeri","7":"product_shipping_class-ostale-kategorije-srbija","8":"pa_b-bufer","9":"pa_market-ba","10":"pa_market-mk","11":"pa_market-rs","12":"pa_tip-atomizera-vuceni","13":"pa_zapremina-rezervoara-1000-l","15":"first","16":"instock","17":"sale","18":"taxable","19":"shipping-taxable","20":"purchasable","21":"product-type-simple"},"acf":[],"seolaxy_ctr_woo_product_custom_meta_description_content":"","_links":{"self":[{"href":"https:\/\/www.sinpeks.com\/rs\/wp-json\/wp\/v2\/product\/12543","targetHints":{"allow":["GET"]}}],"collection":[{"href":"https:\/\/www.sinpeks.com\/rs\/wp-json\/wp\/v2\/product"}],"about":[{"href":"https:\/\/www.sinpeks.com\/rs\/wp-json\/wp\/v2\/types\/product"}],"replies":[{"embeddable":true,"href":"https:\/\/www.sinpeks.com\/rs\/wp-json\/wp\/v2\/comments?post=12543"}],"wp:featuredmedia":[{"embeddable":true,"href":"https:\/\/www.sinpeks.com\/rs\/wp-json\/wp\/v2\/media\/15938"}],"wp:attachment":[{"href":"https:\/\/www.sinpeks.com\/rs\/wp-json\/wp\/v2\/media?parent=12543"}],"wp:term":[{"taxonomy":"product_cat","embeddable":true,"href":"https:\/\/www.sinpeks.com\/rs\/wp-json\/wp\/v2\/product_cat?post=12543"},{"taxonomy":"product_tag","embeddable":true,"href":"https:\/\/www.sinpeks.com\/rs\/wp-json\/wp\/v2\/product_tag?post=12543"}],"curies":[{"name":"wp","href":"https:\/\/api.w.org\/{rel}","templated":true}]}}