{"id":12541,"date":"2024-11-19T18:01:55","date_gmt":"2024-11-19T18:01:55","guid":{"rendered":"https:\/\/www.sinpeks.com\/rs\/p\/tifon-za-navodnjavanje-ocmis-r3-1a-90x450\/"},"modified":"2026-01-13T11:25:10","modified_gmt":"2026-01-13T11:25:10","slug":"tifon-za-navodnjavanje-ocmis-r3-1a-90x450","status":"publish","type":"product","link":"https:\/\/www.sinpeks.com\/rs\/p\/tifon-za-navodnjavanje-ocmis-r3-1a-90x450\/","title":{"rendered":"Tifon za navodnjavanje Ocmis R3\/1A 90&#215;450"},"content":{"rendered":"<p>Tifon za navodnjavanje Ocmis sa pre\u010dnikom creva od 90 mm I du\u017einom creva od 450 m. Ima menja\u010d sa 6 brzine rada, set mlaznica sa razli\u010ditim dijametrom, manometar I tahometar.<\/p>\n","protected":false},"excerpt":{"rendered":"<p>Tifon za navodnjavanje Ocmis sa pre\u010dnikom creva od 90 mm I du\u017einom creva od 450 m. Ima menja\u010d sa 6 brzine rada, set mlaznica sa razli\u010ditim dijametrom, manometar I tahometar.<\/p>\n","protected":false},"featured_media":15936,"comment_status":"open","ping_status":"closed","template":"","meta":{"_acf_changed":false},"product_cat":[99],"product_tag":[],"class_list":{"0":"post-12541","1":"product","2":"type-product","3":"status-publish","4":"has-post-thumbnail","6":"product_cat-tifoni","7":"product_shipping_class-ostale-kategorije-makedonija","8":"pa_b-ocmis","9":"pa_market-ba","10":"pa_market-mk","11":"pa_market-rs","12":"pa_precnik-duzina-creva-mm-m-90-450","13":"pa_tip-masine-vuceni","15":"first","16":"outofstock","17":"taxable","18":"shipping-taxable","19":"purchasable","20":"product-type-simple"},"acf":[],"seolaxy_ctr_woo_product_custom_meta_description_content":"","_links":{"self":[{"href":"https:\/\/www.sinpeks.com\/rs\/wp-json\/wp\/v2\/product\/12541","targetHints":{"allow":["GET"]}}],"collection":[{"href":"https:\/\/www.sinpeks.com\/rs\/wp-json\/wp\/v2\/product"}],"about":[{"href":"https:\/\/www.sinpeks.com\/rs\/wp-json\/wp\/v2\/types\/product"}],"replies":[{"embeddable":true,"href":"https:\/\/www.sinpeks.com\/rs\/wp-json\/wp\/v2\/comments?post=12541"}],"wp:featuredmedia":[{"embeddable":true,"href":"https:\/\/www.sinpeks.com\/rs\/wp-json\/wp\/v2\/media\/15936"}],"wp:attachment":[{"href":"https:\/\/www.sinpeks.com\/rs\/wp-json\/wp\/v2\/media?parent=12541"}],"wp:term":[{"taxonomy":"product_cat","embeddable":true,"href":"https:\/\/www.sinpeks.com\/rs\/wp-json\/wp\/v2\/product_cat?post=12541"},{"taxonomy":"product_tag","embeddable":true,"href":"https:\/\/www.sinpeks.com\/rs\/wp-json\/wp\/v2\/product_tag?post=12541"}],"curies":[{"name":"wp","href":"https:\/\/api.w.org\/{rel}","templated":true}]}}