{"id":12532,"date":"2024-11-19T18:01:50","date_gmt":"2024-11-19T18:01:50","guid":{"rendered":"https:\/\/www.sinpeks.com\/rs\/p\/27-redna-zitna-sejali-irtem-dd-sa-depoz-za-djubrivotraimling-sistem\/"},"modified":"2026-01-13T11:33:16","modified_gmt":"2026-01-13T11:33:16","slug":"27-redna-zitna-sejali-irtem-dd-sa-depoz-za-djubrivotraimling-sistem","status":"publish","type":"product","link":"https:\/\/www.sinpeks.com\/rs\/p\/27-redna-zitna-sejali-irtem-dd-sa-depoz-za-djubrivotraimling-sistem\/","title":{"rendered":"27 redna \u017eitna sejali.Irtem DD sa depoz.za \u0111ubrivo+tramling sistem"},"content":{"rendered":"<p>Priklju\u010dna ma\u0161ina za traktor koja se koristi za preciznu setvu krupnog semena. Ima 27 redova za setvu, opremljena je duplim diskom, rezervoarom za seme od 480 litara, depozitorom za \u0111ubrivo od 450 litara i tramlining sistemom.<\/p>\n","protected":false},"excerpt":{"rendered":"<p>Priklju\u010dna ma\u0161ina za traktor koja se koristi za preciznu setvu krupnog semena. Ima 27 redova za setvu, opremljena je duplim diskom, rezervoarom za seme od 480 litara, depozitorom za \u0111ubrivo od 450 litara i tramlining sistemom.<\/p>\n","protected":false},"featured_media":15924,"comment_status":"open","ping_status":"closed","template":"","meta":{"_acf_changed":false},"product_cat":[89],"product_tag":[],"class_list":{"0":"post-12532","1":"product","2":"type-product","3":"status-publish","4":"has-post-thumbnail","6":"product_cat-za-zito","7":"product_shipping_class-ostale-kategorije-makedonija","8":"pa_b-irtem","9":"pa_depozitori-za-djubrivo-sa-depozitorima-za-djubrivo","10":"pa_market-ba","11":"pa_market-mk","12":"pa_market-rs","13":"pa_min-snaga-traktora-100-ks","14":"pa_radna-sirina-351cm","16":"first","17":"outofstock","18":"sale","19":"taxable","20":"shipping-taxable","21":"purchasable","22":"product-type-simple"},"acf":[],"seolaxy_ctr_woo_product_custom_meta_description_content":"","_links":{"self":[{"href":"https:\/\/www.sinpeks.com\/rs\/wp-json\/wp\/v2\/product\/12532","targetHints":{"allow":["GET"]}}],"collection":[{"href":"https:\/\/www.sinpeks.com\/rs\/wp-json\/wp\/v2\/product"}],"about":[{"href":"https:\/\/www.sinpeks.com\/rs\/wp-json\/wp\/v2\/types\/product"}],"replies":[{"embeddable":true,"href":"https:\/\/www.sinpeks.com\/rs\/wp-json\/wp\/v2\/comments?post=12532"}],"wp:featuredmedia":[{"embeddable":true,"href":"https:\/\/www.sinpeks.com\/rs\/wp-json\/wp\/v2\/media\/15924"}],"wp:attachment":[{"href":"https:\/\/www.sinpeks.com\/rs\/wp-json\/wp\/v2\/media?parent=12532"}],"wp:term":[{"taxonomy":"product_cat","embeddable":true,"href":"https:\/\/www.sinpeks.com\/rs\/wp-json\/wp\/v2\/product_cat?post=12532"},{"taxonomy":"product_tag","embeddable":true,"href":"https:\/\/www.sinpeks.com\/rs\/wp-json\/wp\/v2\/product_tag?post=12532"}],"curies":[{"name":"wp","href":"https:\/\/api.w.org\/{rel}","templated":true}]}}