{"id":12529,"date":"2024-11-19T18:01:48","date_gmt":"2024-11-19T18:01:48","guid":{"rendered":"https:\/\/www.sinpeks.com\/rs\/p\/23-redna-zitna-sejal-irtem-sa-duplim-diskom-sa-depozit-za-djubrivatraimling-sistem\/"},"modified":"2026-01-13T11:13:01","modified_gmt":"2026-01-13T11:13:01","slug":"23-redna-zitna-sejal-irtem-sa-duplim-diskom-sa-depozit-za-djubrivatraimling-sistem","status":"publish","type":"product","link":"https:\/\/www.sinpeks.com\/rs\/p\/23-redna-zitna-sejal-irtem-sa-duplim-diskom-sa-depozit-za-djubrivatraimling-sistem\/","title":{"rendered":"23 redna \u017eitna sejal.Irtem sa duplim diskom sa depozit. za \u0111ubrivo+tramling sistem"},"content":{"rendered":"<p>Sejalica za \u017eito sa 23 reda za setvu. Proizvod Turskog proizvo\u0111a\u010da Irtem, opremljena tramlining sistemom, duplim diskom, rezervoarima za seme od 390 l i rezervoarima za \u0111ubrivo od 370 l. Ima radnu \u0161irinu od 2990 mm i ukupnu \u0161irinu od 3285mm.<\/p>\n","protected":false},"excerpt":{"rendered":"<p>Sejalica za \u017eito sa 23 reda za setvu. Proizvod Turskog proizvo\u0111a\u010da Irtem, opremljena tramlining sistemom, duplim diskom, rezervoarima za seme od 390 l i rezervoarima za \u0111ubrivo od 370 l. Ima radnu \u0161irinu od 2990 mm i ukupnu \u0161irinu od 3285mm.<\/p>\n","protected":false},"featured_media":15921,"comment_status":"open","ping_status":"closed","template":"","meta":{"_acf_changed":false},"product_cat":[89],"product_tag":[],"class_list":{"0":"post-12529","1":"product","2":"type-product","3":"status-publish","4":"has-post-thumbnail","6":"product_cat-za-zito","7":"product_shipping_class-ostale-kategorije-makedonija","8":"pa_b-irtem","9":"pa_depozitori-za-djubrivo-sa-depozitorima-za-djubrivo","10":"pa_market-ba","11":"pa_market-mk","12":"pa_market-rs","13":"pa_min-snaga-traktora-80-ks","14":"pa_radna-sirina-2990mm","16":"first","17":"outofstock","18":"sale","19":"taxable","20":"shipping-taxable","21":"purchasable","22":"product-type-simple"},"acf":[],"seolaxy_ctr_woo_product_custom_meta_description_content":"","_links":{"self":[{"href":"https:\/\/www.sinpeks.com\/rs\/wp-json\/wp\/v2\/product\/12529","targetHints":{"allow":["GET"]}}],"collection":[{"href":"https:\/\/www.sinpeks.com\/rs\/wp-json\/wp\/v2\/product"}],"about":[{"href":"https:\/\/www.sinpeks.com\/rs\/wp-json\/wp\/v2\/types\/product"}],"replies":[{"embeddable":true,"href":"https:\/\/www.sinpeks.com\/rs\/wp-json\/wp\/v2\/comments?post=12529"}],"wp:featuredmedia":[{"embeddable":true,"href":"https:\/\/www.sinpeks.com\/rs\/wp-json\/wp\/v2\/media\/15921"}],"wp:attachment":[{"href":"https:\/\/www.sinpeks.com\/rs\/wp-json\/wp\/v2\/media?parent=12529"}],"wp:term":[{"taxonomy":"product_cat","embeddable":true,"href":"https:\/\/www.sinpeks.com\/rs\/wp-json\/wp\/v2\/product_cat?post=12529"},{"taxonomy":"product_tag","embeddable":true,"href":"https:\/\/www.sinpeks.com\/rs\/wp-json\/wp\/v2\/product_tag?post=12529"}],"curies":[{"name":"wp","href":"https:\/\/api.w.org\/{rel}","templated":true}]}}