{"id":12528,"date":"2024-11-19T18:01:48","date_gmt":"2024-11-19T18:01:48","guid":{"rendered":"https:\/\/www.sinpeks.com\/rs\/p\/zitna-sejalica-banat-20-redna\/"},"modified":"2026-04-23T09:27:03","modified_gmt":"2026-04-23T09:27:03","slug":"zitna-sejalica-banat-20-redna","status":"publish","type":"product","link":"https:\/\/www.sinpeks.com\/rs\/p\/zitna-sejalica-banat-20-redna\/","title":{"rendered":"\u017ditna sejalica BANAT 20 redna"},"content":{"rendered":"<p>Mehani\u010dka \u017eitna sejalica sa radnim zahvatom od 2.4 metara i razmakom izme\u0111u redova od 8-12 cm. Ima 20 redova za setvu i rezervoar za seme od 420 litara.<br \/>\nDimenzije pneumatika iznose 4,5 x 14&#8243;.<\/p>\n","protected":false},"excerpt":{"rendered":"<p>Mehani\u010dka \u017eitna sejalica sa radnim zahvatom od 2.4 metara i razmakom izme\u0111u redova od 8-12 cm. Ima 20 redova za setvu i rezervoar za seme od 420 litara. Dimenzije pneumatika iznose 4,5 x 14&#8243;.<\/p>\n","protected":false},"featured_media":15920,"comment_status":"open","ping_status":"closed","template":"","meta":{"_acf_changed":false},"product_cat":[89],"product_tag":[],"class_list":{"0":"post-12528","1":"product","2":"type-product","3":"status-publish","4":"has-post-thumbnail","6":"product_cat-za-zito","7":"product_shipping_class-ostale-kategorije-makedonija","8":"pa_b-pla-met","9":"pa_depozitori-za-djubrivo-bez-depozitora-za-djubrivo","10":"pa_market-ba","11":"pa_market-mk","12":"pa_market-rs","13":"pa_min-snaga-traktora-55-ks","14":"pa_radna-sirina-2400mm","16":"first","17":"instock","18":"sale","19":"taxable","20":"shipping-taxable","21":"purchasable","22":"product-type-simple"},"acf":[],"seolaxy_ctr_woo_product_custom_meta_description_content":"","_links":{"self":[{"href":"https:\/\/www.sinpeks.com\/rs\/wp-json\/wp\/v2\/product\/12528","targetHints":{"allow":["GET"]}}],"collection":[{"href":"https:\/\/www.sinpeks.com\/rs\/wp-json\/wp\/v2\/product"}],"about":[{"href":"https:\/\/www.sinpeks.com\/rs\/wp-json\/wp\/v2\/types\/product"}],"replies":[{"embeddable":true,"href":"https:\/\/www.sinpeks.com\/rs\/wp-json\/wp\/v2\/comments?post=12528"}],"wp:featuredmedia":[{"embeddable":true,"href":"https:\/\/www.sinpeks.com\/rs\/wp-json\/wp\/v2\/media\/15920"}],"wp:attachment":[{"href":"https:\/\/www.sinpeks.com\/rs\/wp-json\/wp\/v2\/media?parent=12528"}],"wp:term":[{"taxonomy":"product_cat","embeddable":true,"href":"https:\/\/www.sinpeks.com\/rs\/wp-json\/wp\/v2\/product_cat?post=12528"},{"taxonomy":"product_tag","embeddable":true,"href":"https:\/\/www.sinpeks.com\/rs\/wp-json\/wp\/v2\/product_tag?post=12528"}],"curies":[{"name":"wp","href":"https:\/\/api.w.org\/{rel}","templated":true}]}}