{"id":12527,"date":"2024-11-19T18:01:47","date_gmt":"2024-11-19T18:01:47","guid":{"rendered":"https:\/\/www.sinpeks.com\/rs\/p\/16-redna-sejalica-irtem-sa-moticicima-sa-depozitorima-za-djubriva\/"},"modified":"2026-01-13T10:51:10","modified_gmt":"2026-01-13T10:51:10","slug":"16-redna-sejalica-irtem-sa-moticicima-sa-depozitorima-za-djubriva","status":"publish","type":"product","link":"https:\/\/www.sinpeks.com\/rs\/p\/16-redna-sejalica-irtem-sa-moticicima-sa-depozitorima-za-djubriva\/","title":{"rendered":"16 redna \u017eitna sejalica Irtem sa moti\u010dicama i depozitorima za \u0111ubrivo"},"content":{"rendered":"<p>\u017ditna sejalica sa depozitorima za seme od 270 l i depozitorima za \u0111ubrivo od 250 l. Radna \u0161irina iznosi 2000 mm dok razmak izme\u0111u redova iznosi 125 mm. Namenjena je za traktore sa snagom od 50+ ks.<\/p>\n","protected":false},"excerpt":{"rendered":"<p>\u017ditna sejalica sa depozitorima za seme od 270 l i depozitorima za \u0111ubrivo od 250 l. Radna \u0161irina iznosi 2000 mm dok razmak izme\u0111u redova iznosi 125 mm. Namenjena je za traktore sa snagom od 50+ ks.<\/p>\n","protected":false},"featured_media":15919,"comment_status":"open","ping_status":"closed","template":"","meta":{"_acf_changed":false},"product_cat":[89],"product_tag":[],"class_list":{"0":"post-12527","1":"product","2":"type-product","3":"status-publish","4":"has-post-thumbnail","6":"product_cat-za-zito","7":"product_shipping_class-ostale-kategorije-makedonija","8":"pa_b-irtem","9":"pa_depozitori-za-djubrivo-sa-depozitorima-za-djubrivo","10":"pa_market-ba","11":"pa_market-mk","12":"pa_market-rs","13":"pa_min-snaga-traktora-50-ks","14":"pa_radna-sirina-4006","16":"first","17":"outofstock","18":"sale","19":"taxable","20":"shipping-taxable","21":"purchasable","22":"product-type-simple"},"acf":[],"seolaxy_ctr_woo_product_custom_meta_description_content":"","_links":{"self":[{"href":"https:\/\/www.sinpeks.com\/rs\/wp-json\/wp\/v2\/product\/12527","targetHints":{"allow":["GET"]}}],"collection":[{"href":"https:\/\/www.sinpeks.com\/rs\/wp-json\/wp\/v2\/product"}],"about":[{"href":"https:\/\/www.sinpeks.com\/rs\/wp-json\/wp\/v2\/types\/product"}],"replies":[{"embeddable":true,"href":"https:\/\/www.sinpeks.com\/rs\/wp-json\/wp\/v2\/comments?post=12527"}],"wp:featuredmedia":[{"embeddable":true,"href":"https:\/\/www.sinpeks.com\/rs\/wp-json\/wp\/v2\/media\/15919"}],"wp:attachment":[{"href":"https:\/\/www.sinpeks.com\/rs\/wp-json\/wp\/v2\/media?parent=12527"}],"wp:term":[{"taxonomy":"product_cat","embeddable":true,"href":"https:\/\/www.sinpeks.com\/rs\/wp-json\/wp\/v2\/product_cat?post=12527"},{"taxonomy":"product_tag","embeddable":true,"href":"https:\/\/www.sinpeks.com\/rs\/wp-json\/wp\/v2\/product_tag?post=12527"}],"curies":[{"name":"wp","href":"https:\/\/api.w.org\/{rel}","templated":true}]}}