{"id":12526,"date":"2024-11-19T18:01:47","date_gmt":"2024-11-19T18:01:47","guid":{"rendered":"https:\/\/www.sinpeks.com\/rs\/p\/31-redna-zitna-sejalica-irtem-dupli-disk-sa-depozitorima-za-min-djubriva\/"},"modified":"2026-01-13T10:51:10","modified_gmt":"2026-01-13T10:51:10","slug":"31-redna-zitna-sejalica-irtem-dupli-disk-sa-depozitorima-za-min-djubriva","status":"publish","type":"product","link":"https:\/\/www.sinpeks.com\/rs\/p\/31-redna-zitna-sejalica-irtem-dupli-disk-sa-depozitorima-za-min-djubriva\/","title":{"rendered":"31 redna \u017eitna sejalica Irtem dupli disk. sa depozitorima za min \u0111ubrivo"},"content":{"rendered":"<p>Sejalica za setvu \u017eita namenjena za traktore od 100-110 ks. Radna \u0161irina sejalice iznosi 4030mm dok razmak izme\u0111u redova iznosi 130mm. Ima 31 red za setvu, dupli disk i rezervoar za \u0111ubrivo. Kapacitet rezervoara za seme je 510 litara dok kapacitet\u00a0 rezervoara za \u0111ubrivo iznosi 480 litara.<\/p>\n","protected":false},"excerpt":{"rendered":"<p>Sejalica za setvu \u017eita namenjena za traktore od 100-110 ks. Radna \u0161irina sejalice iznosi 4030mm dok razmak izme\u0111u redova iznosi 130mm. Ima 31 red za setvu, dupli disk i rezervoar za \u0111ubrivo. Kapacitet rezervoara za seme je 510 litara dok kapacitet\u00a0 rezervoara za \u0111ubrivo iznosi 480 litara.<\/p>\n","protected":false},"featured_media":15918,"comment_status":"open","ping_status":"closed","template":"","meta":{"_acf_changed":false},"product_cat":[89],"product_tag":[],"class_list":{"0":"post-12526","1":"product","2":"type-product","3":"status-publish","4":"has-post-thumbnail","6":"product_cat-za-zito","7":"product_shipping_class-ostale-kategorije-makedonija","8":"pa_b-irtem","9":"pa_depozitori-za-djubrivo-sa-depozitorima-za-djubrivo","10":"pa_market-ba","11":"pa_market-mk","12":"pa_market-rs","13":"pa_min-snaga-traktora-100-110-ks","14":"pa_radna-sirina-403cm","16":"first","17":"outofstock","18":"sale","19":"taxable","20":"shipping-taxable","21":"purchasable","22":"product-type-simple"},"acf":[],"seolaxy_ctr_woo_product_custom_meta_description_content":"","_links":{"self":[{"href":"https:\/\/www.sinpeks.com\/rs\/wp-json\/wp\/v2\/product\/12526","targetHints":{"allow":["GET"]}}],"collection":[{"href":"https:\/\/www.sinpeks.com\/rs\/wp-json\/wp\/v2\/product"}],"about":[{"href":"https:\/\/www.sinpeks.com\/rs\/wp-json\/wp\/v2\/types\/product"}],"replies":[{"embeddable":true,"href":"https:\/\/www.sinpeks.com\/rs\/wp-json\/wp\/v2\/comments?post=12526"}],"wp:featuredmedia":[{"embeddable":true,"href":"https:\/\/www.sinpeks.com\/rs\/wp-json\/wp\/v2\/media\/15918"}],"wp:attachment":[{"href":"https:\/\/www.sinpeks.com\/rs\/wp-json\/wp\/v2\/media?parent=12526"}],"wp:term":[{"taxonomy":"product_cat","embeddable":true,"href":"https:\/\/www.sinpeks.com\/rs\/wp-json\/wp\/v2\/product_cat?post=12526"},{"taxonomy":"product_tag","embeddable":true,"href":"https:\/\/www.sinpeks.com\/rs\/wp-json\/wp\/v2\/product_tag?post=12526"}],"curies":[{"name":"wp","href":"https:\/\/api.w.org\/{rel}","templated":true}]}}