{"id":12524,"date":"2024-11-19T18:01:46","date_gmt":"2024-11-19T18:01:46","guid":{"rendered":"https:\/\/www.sinpeks.com\/rs\/p\/27-redna-zitna-sejalica-irtem-dupli-disk-sa-depozitorima-za-djubriva\/"},"modified":"2026-04-22T12:18:45","modified_gmt":"2026-04-22T12:18:45","slug":"27-redna-zitna-sejalica-irtem-dupli-disk-sa-depozitorima-za-djubriva","status":"publish","type":"product","link":"https:\/\/www.sinpeks.com\/rs\/p\/27-redna-zitna-sejalica-irtem-dupli-disk-sa-depozitorima-za-djubriva\/","title":{"rendered":"27 redna \u017eitna sejalica Irtem dupli disk sa depozitorima za \u0111ubrivo"},"content":{"rendered":"<p>Priklju\u010dna ma\u0161ina za traktor koja se koristi za preciznu setvu semena sa krupnim zrnom. Ima 27 redova za setvu, opremljena je duplim diskom, rezervoarom za seme od 480 litara i depozitorom za \u0111ubrivo od 450 litara.\u00a0 Dosti\u017ee radnu \u0161irinu od 3510mm sa razmakom izme\u0111u redova od 130 mm.<\/p>\n","protected":false},"excerpt":{"rendered":"<p>Priklju\u010dna ma\u0161ina za traktor koja se koristi za preciznu setvu semena sa krupnim zrnom. Ima 27 redova za setvu, opremljena je duplim diskom, rezervoarom za seme od 480 litara i depozitorom za \u0111ubrivo od 450 litara.\u00a0 Dosti\u017ee radnu \u0161irinu od 3510mm sa razmakom izme\u0111u redova od 130 mm.<\/p>\n","protected":false},"featured_media":15916,"comment_status":"open","ping_status":"closed","template":"","meta":{"_acf_changed":false},"product_cat":[89],"product_tag":[],"class_list":{"0":"post-12524","1":"product","2":"type-product","3":"status-publish","4":"has-post-thumbnail","6":"product_cat-za-zito","7":"product_shipping_class-ostale-kategorije-srbija","8":"pa_b-irtem","9":"pa_depozitori-za-djubrivo-sa-depozitorima-za-djubrivo","10":"pa_market-ba","11":"pa_market-mk","12":"pa_market-rs","13":"pa_min-snaga-traktora-100-ks","14":"pa_radna-sirina-3510mm","16":"first","17":"instock","18":"sale","19":"taxable","20":"shipping-taxable","21":"purchasable","22":"product-type-simple"},"acf":[],"seolaxy_ctr_woo_product_custom_meta_description_content":"","_links":{"self":[{"href":"https:\/\/www.sinpeks.com\/rs\/wp-json\/wp\/v2\/product\/12524","targetHints":{"allow":["GET"]}}],"collection":[{"href":"https:\/\/www.sinpeks.com\/rs\/wp-json\/wp\/v2\/product"}],"about":[{"href":"https:\/\/www.sinpeks.com\/rs\/wp-json\/wp\/v2\/types\/product"}],"replies":[{"embeddable":true,"href":"https:\/\/www.sinpeks.com\/rs\/wp-json\/wp\/v2\/comments?post=12524"}],"wp:featuredmedia":[{"embeddable":true,"href":"https:\/\/www.sinpeks.com\/rs\/wp-json\/wp\/v2\/media\/15916"}],"wp:attachment":[{"href":"https:\/\/www.sinpeks.com\/rs\/wp-json\/wp\/v2\/media?parent=12524"}],"wp:term":[{"taxonomy":"product_cat","embeddable":true,"href":"https:\/\/www.sinpeks.com\/rs\/wp-json\/wp\/v2\/product_cat?post=12524"},{"taxonomy":"product_tag","embeddable":true,"href":"https:\/\/www.sinpeks.com\/rs\/wp-json\/wp\/v2\/product_tag?post=12524"}],"curies":[{"name":"wp","href":"https:\/\/api.w.org\/{rel}","templated":true}]}}