{"id":12523,"date":"2024-11-19T18:01:45","date_gmt":"2024-11-19T18:01:45","guid":{"rendered":"https:\/\/www.sinpeks.com\/rs\/p\/19-redna-sejacica-irtem-jedan-disk-sa-depozitorima-za-djubriva\/"},"modified":"2026-01-13T10:49:10","modified_gmt":"2026-01-13T10:49:10","slug":"19-redna-sejacica-irtem-jedan-disk-sa-depozitorima-za-djubriva","status":"publish","type":"product","link":"https:\/\/www.sinpeks.com\/rs\/p\/19-redna-sejacica-irtem-jedan-disk-sa-depozitorima-za-djubriva\/","title":{"rendered":"19-redna \u017eitna sejalica Irtem jedan disk sa depozitorima za \u0111ubrivo"},"content":{"rendered":"<p>19 redna sejalica sa jednim diskom i depozitorima za \u0111ubrivo. Rezervoar za rasipanje semena je kapaciteta 330 litara dok je depozitor za \u0111ubrivo kapaciteta 310 litara. Ima radnu \u0161irinu od 2470 mm i 130 mm razmakom izme\u0111u redova.<\/p>\n","protected":false},"excerpt":{"rendered":"<p>19 redna sejalica sa jednim diskom i depozitorima za \u0111ubrivo. Rezervoar za rasipanje semena je kapaciteta 330 litara dok je depozitor za \u0111ubrivo kapaciteta 310 litara. Ima radnu \u0161irinu od 2470 mm i 130 mm razmakom izme\u0111u redova.<\/p>\n","protected":false},"featured_media":15915,"comment_status":"open","ping_status":"closed","template":"","meta":{"_acf_changed":false},"product_cat":[89],"product_tag":[],"class_list":{"0":"post-12523","1":"product","2":"type-product","3":"status-publish","4":"has-post-thumbnail","6":"product_cat-za-zito","7":"product_shipping_class-ostale-kategorije-makedonija","8":"pa_b-irtem","9":"pa_depozitori-za-djubrivo-sa-depozitorima-za-djubrivo","10":"pa_market-ba","11":"pa_market-mk","12":"pa_market-rs","13":"pa_min-snaga-traktora-80-ks","14":"pa_radna-sirina-2470mm","16":"first","17":"outofstock","18":"sale","19":"taxable","20":"shipping-taxable","21":"purchasable","22":"product-type-simple"},"acf":[],"seolaxy_ctr_woo_product_custom_meta_description_content":"","_links":{"self":[{"href":"https:\/\/www.sinpeks.com\/rs\/wp-json\/wp\/v2\/product\/12523","targetHints":{"allow":["GET"]}}],"collection":[{"href":"https:\/\/www.sinpeks.com\/rs\/wp-json\/wp\/v2\/product"}],"about":[{"href":"https:\/\/www.sinpeks.com\/rs\/wp-json\/wp\/v2\/types\/product"}],"replies":[{"embeddable":true,"href":"https:\/\/www.sinpeks.com\/rs\/wp-json\/wp\/v2\/comments?post=12523"}],"wp:featuredmedia":[{"embeddable":true,"href":"https:\/\/www.sinpeks.com\/rs\/wp-json\/wp\/v2\/media\/15915"}],"wp:attachment":[{"href":"https:\/\/www.sinpeks.com\/rs\/wp-json\/wp\/v2\/media?parent=12523"}],"wp:term":[{"taxonomy":"product_cat","embeddable":true,"href":"https:\/\/www.sinpeks.com\/rs\/wp-json\/wp\/v2\/product_cat?post=12523"},{"taxonomy":"product_tag","embeddable":true,"href":"https:\/\/www.sinpeks.com\/rs\/wp-json\/wp\/v2\/product_tag?post=12523"}],"curies":[{"name":"wp","href":"https:\/\/api.w.org\/{rel}","templated":true}]}}