{"id":12519,"date":"2024-11-19T18:01:44","date_gmt":"2024-11-19T18:01:44","guid":{"rendered":"https:\/\/www.sinpeks.com\/rs\/p\/6-redna-kukuruz-sejalica-irtem-ddsa-depoz-za-min-djubrivatelesk-ram-i-senzor\/"},"modified":"2026-01-13T11:02:57","modified_gmt":"2026-01-13T11:02:57","slug":"6-redna-kukuruz-sejalica-irtem-ddsa-depoz-za-min-djubrivatelesk-ram-i-senzor","status":"publish","type":"product","link":"https:\/\/www.sinpeks.com\/rs\/p\/6-redna-kukuruz-sejalica-irtem-ddsa-depoz-za-min-djubrivatelesk-ram-i-senzor\/","title":{"rendered":"6 redna kukuruz.sejalica Irtem DD,sa depoz.za min \u0111ubrivo,telesk.ram i senzor"},"content":{"rendered":"<p>Sejalica za kukuruz sa duplim diskom, 6 reda za setvu odnosno 6 rezervoara za seme sa kapacitetom od po 32 litara i depozitorima za \u0111ubrivo kapaciteta 480 litara, senzorom za kontrolu setve I teleskopskim ramom. Radna \u0161irina iznosi 3880 mm dok razmak izme\u0111u redova iznosi 700mm. Namenjena je za traktore od\u00a0 min. 100ks.<\/p>\n","protected":false},"excerpt":{"rendered":"<p>Sejalica za kukuruz sa duplim diskom, 6 reda za setvu odnosno 6 rezervoara za seme sa kapacitetom od po 32 litara i depozitorima za \u0111ubrivo kapaciteta 480 litara, senzorom za kontrolu setve I teleskopskim ramom. Radna \u0161irina iznosi 3880 mm dok razmak izme\u0111u redova iznosi 700mm. Namenjena je za traktore od\u00a0 min. 100ks.<\/p>\n","protected":false},"featured_media":15911,"comment_status":"open","ping_status":"closed","template":"","meta":{"_acf_changed":false},"product_cat":[88],"product_tag":[],"class_list":{"0":"post-12519","1":"product","2":"type-product","3":"status-publish","4":"has-post-thumbnail","6":"product_cat-za-kukuruz","7":"product_shipping_class-ostale-kategorije-makedonija","8":"pa_b-irtem","9":"pa_depozitori-za-djubrivo-sa-depozitorima-za-djubrivo","10":"pa_market-ba","11":"pa_market-mk","12":"pa_market-rs","13":"pa_min-snaga-traktora-100-ks","14":"pa_radna-sirina-3880-mm","15":"pa_tip-pogona-sejalice-pneumatske","17":"first","18":"outofstock","19":"sale","20":"taxable","21":"shipping-taxable","22":"purchasable","23":"product-type-simple"},"acf":[],"seolaxy_ctr_woo_product_custom_meta_description_content":"","_links":{"self":[{"href":"https:\/\/www.sinpeks.com\/rs\/wp-json\/wp\/v2\/product\/12519","targetHints":{"allow":["GET"]}}],"collection":[{"href":"https:\/\/www.sinpeks.com\/rs\/wp-json\/wp\/v2\/product"}],"about":[{"href":"https:\/\/www.sinpeks.com\/rs\/wp-json\/wp\/v2\/types\/product"}],"replies":[{"embeddable":true,"href":"https:\/\/www.sinpeks.com\/rs\/wp-json\/wp\/v2\/comments?post=12519"}],"wp:featuredmedia":[{"embeddable":true,"href":"https:\/\/www.sinpeks.com\/rs\/wp-json\/wp\/v2\/media\/15911"}],"wp:attachment":[{"href":"https:\/\/www.sinpeks.com\/rs\/wp-json\/wp\/v2\/media?parent=12519"}],"wp:term":[{"taxonomy":"product_cat","embeddable":true,"href":"https:\/\/www.sinpeks.com\/rs\/wp-json\/wp\/v2\/product_cat?post=12519"},{"taxonomy":"product_tag","embeddable":true,"href":"https:\/\/www.sinpeks.com\/rs\/wp-json\/wp\/v2\/product_tag?post=12519"}],"curies":[{"name":"wp","href":"https:\/\/api.w.org\/{rel}","templated":true}]}}