{"id":12516,"date":"2024-11-19T18:01:42","date_gmt":"2024-11-19T18:01:42","guid":{"rendered":"https:\/\/www.sinpeks.com\/rs\/p\/sakupljac-sena-sunce-agrina\/"},"modified":"2026-04-24T07:26:56","modified_gmt":"2026-04-24T07:26:56","slug":"sakupljac-sena-sunce-agrina","status":"publish","type":"product","link":"https:\/\/www.sinpeks.com\/rs\/p\/sakupljac-sena-sunce-agrina\/","title":{"rendered":"Sakuplja\u010d sena Sunce Agrina"},"content":{"rendered":"<p>Priklju\u010dna ma\u0161ina koja se koristi za sakupljanje, rastresanje i prevrtanje poko\u0161ene travne mase. Ima 4 radna tela i maksimalnu radnu \u0161irinu od 2550 mm.<\/p>\n","protected":false},"excerpt":{"rendered":"<p>Priklju\u010dna ma\u0161ina koja se koristi za sakupljanje, rastresanje i prevrtanje poko\u0161ene travne mase. Ima 4 radna tela i maksimalnu radnu \u0161irinu od 2550 mm.<\/p>\n","protected":false},"featured_media":18242,"comment_status":"open","ping_status":"closed","template":"","meta":{"_acf_changed":false},"product_cat":[96],"product_tag":[],"class_list":{"0":"post-12516","1":"product","2":"type-product","3":"status-publish","4":"has-post-thumbnail","6":"product_cat-sakupljaci-sena","7":"product_shipping_class-ostale-kategorije-makedonija","8":"pa_b-agrina","9":"pa_broj-radnih-tela-4x40","10":"pa_market-ba","11":"pa_market-mk","12":"pa_market-rs","13":"pa_min-snaga-traktora-25-ks","14":"pa_radna-sirina-255-cm","16":"first","17":"outofstock","18":"sale","19":"taxable","20":"shipping-taxable","21":"purchasable","22":"product-type-simple"},"acf":[],"seolaxy_ctr_woo_product_custom_meta_description_content":"","_links":{"self":[{"href":"https:\/\/www.sinpeks.com\/rs\/wp-json\/wp\/v2\/product\/12516","targetHints":{"allow":["GET"]}}],"collection":[{"href":"https:\/\/www.sinpeks.com\/rs\/wp-json\/wp\/v2\/product"}],"about":[{"href":"https:\/\/www.sinpeks.com\/rs\/wp-json\/wp\/v2\/types\/product"}],"replies":[{"embeddable":true,"href":"https:\/\/www.sinpeks.com\/rs\/wp-json\/wp\/v2\/comments?post=12516"}],"wp:featuredmedia":[{"embeddable":true,"href":"https:\/\/www.sinpeks.com\/rs\/wp-json\/wp\/v2\/media\/18242"}],"wp:attachment":[{"href":"https:\/\/www.sinpeks.com\/rs\/wp-json\/wp\/v2\/media?parent=12516"}],"wp:term":[{"taxonomy":"product_cat","embeddable":true,"href":"https:\/\/www.sinpeks.com\/rs\/wp-json\/wp\/v2\/product_cat?post=12516"},{"taxonomy":"product_tag","embeddable":true,"href":"https:\/\/www.sinpeks.com\/rs\/wp-json\/wp\/v2\/product_tag?post=12516"}],"curies":[{"name":"wp","href":"https:\/\/api.w.org\/{rel}","templated":true}]}}