{"id":12514,"date":"2024-11-19T18:01:41","date_gmt":"2024-11-19T18:01:41","guid":{"rendered":"https:\/\/www.sinpeks.com\/rs\/p\/berac-lesnika-kefeli-1800\/"},"modified":"2026-01-13T11:23:08","modified_gmt":"2026-01-13T11:23:08","slug":"berac-lesnika-kefeli-1800","status":"publish","type":"product","link":"https:\/\/www.sinpeks.com\/rs\/p\/berac-lesnika-kefeli-1800\/","title":{"rendered":"Bera\u010d le\u0161nika KEFELI 1800"},"content":{"rendered":"<p>Automatska ma\u0161ina za branje le\u0161nika, kestena, badema, oraha itd. sa kapacitetom od 5-10 tone na dan i radnom \u0161irinom od 1800mm. Potrebna snaga traktora za rukovanje bera\u010dem iznosi minimum 35ks. Dimenzije bera\u010da: 2150*2000*1150<\/p>\n","protected":false},"excerpt":{"rendered":"<p>Automatska ma\u0161ina za branje le\u0161nika, kestena, badema, oraha itd. sa kapacitetom od 5-10 tone na dan i radnom \u0161irinom od 1800mm. Potrebna snaga traktora za rukovanje bera\u010dem iznosi minimum 35ks. Dimenzije bera\u010da: 2150*2000*1150<\/p>\n","protected":false},"featured_media":15906,"comment_status":"open","ping_status":"closed","template":"","meta":{"_acf_changed":false},"product_cat":[194],"product_tag":[],"class_list":{"0":"post-12514","1":"product","2":"type-product","3":"status-publish","4":"has-post-thumbnail","6":"product_cat-branje-i-ciscenje-lesnika","7":"product_shipping_class-ostale-kategorije-makedonija","8":"pa_b-kefeli-tarim","9":"pa_market-ba","10":"pa_market-mk","11":"pa_market-rs","12":"pa_min-snaga-traktora-35-ks","13":"pa_radna-sirina-1800mm","15":"first","16":"outofstock","17":"sale","18":"taxable","19":"shipping-taxable","20":"purchasable","21":"product-type-simple"},"acf":[],"seolaxy_ctr_woo_product_custom_meta_description_content":"","_links":{"self":[{"href":"https:\/\/www.sinpeks.com\/rs\/wp-json\/wp\/v2\/product\/12514","targetHints":{"allow":["GET"]}}],"collection":[{"href":"https:\/\/www.sinpeks.com\/rs\/wp-json\/wp\/v2\/product"}],"about":[{"href":"https:\/\/www.sinpeks.com\/rs\/wp-json\/wp\/v2\/types\/product"}],"replies":[{"embeddable":true,"href":"https:\/\/www.sinpeks.com\/rs\/wp-json\/wp\/v2\/comments?post=12514"}],"wp:featuredmedia":[{"embeddable":true,"href":"https:\/\/www.sinpeks.com\/rs\/wp-json\/wp\/v2\/media\/15906"}],"wp:attachment":[{"href":"https:\/\/www.sinpeks.com\/rs\/wp-json\/wp\/v2\/media?parent=12514"}],"wp:term":[{"taxonomy":"product_cat","embeddable":true,"href":"https:\/\/www.sinpeks.com\/rs\/wp-json\/wp\/v2\/product_cat?post=12514"},{"taxonomy":"product_tag","embeddable":true,"href":"https:\/\/www.sinpeks.com\/rs\/wp-json\/wp\/v2\/product_tag?post=12514"}],"curies":[{"name":"wp","href":"https:\/\/api.w.org\/{rel}","templated":true}]}}