{"id":12513,"date":"2024-11-19T18:01:40","date_gmt":"2024-11-19T18:01:40","guid":{"rendered":"https:\/\/www.sinpeks.com\/rs\/p\/berac-lesnika-kf-501\/"},"modified":"2026-01-16T08:57:04","modified_gmt":"2026-01-16T08:57:04","slug":"berac-lesnika-kf-501","status":"publish","type":"product","link":"https:\/\/www.sinpeks.com\/rs\/p\/berac-lesnika-kf-501\/","title":{"rendered":"Bera\u010d le\u0161nika KF-501"},"content":{"rendered":"<p>Ma\u0161ina namenjena za sakupljanje ora\u0161astih plodova kao le\u0161nika, kestena, badema, oraha itd. U zavisnosti od proizvoda, dolazi do \u017eetve od 800kg do 2tone dnevno. Ima kardanski pogon I zahteva traktor snage od minimum 35 KS. Dimenzije ma\u0161ine: 1700*1400*2700mm<\/p>\n","protected":false},"excerpt":{"rendered":"<p>Ma\u0161ina namenjena za sakupljanje ora\u0161astih plodova kao le\u0161nika, kestena, badema, oraha itd. U zavisnosti od proizvoda, dolazi do \u017eetve od 800kg do 2tone dnevno. Ima kardanski pogon I zahteva traktor snage od minimum 35 KS. Dimenzije ma\u0161ine: 1700*1400*2700mm<\/p>\n","protected":false},"featured_media":19134,"comment_status":"open","ping_status":"closed","template":"","meta":{"_acf_changed":false},"product_cat":[194],"product_tag":[],"class_list":{"0":"post-12513","1":"product","2":"type-product","3":"status-publish","4":"has-post-thumbnail","6":"product_cat-branje-i-ciscenje-lesnika","7":"product_shipping_class-ostale-kategorije-srbija","8":"pa_b-kefeli-tarim","9":"pa_market-ba","10":"pa_market-mk","11":"pa_market-rs","12":"pa_min-snaga-traktora-50-ks","14":"first","15":"instock","16":"sale","17":"taxable","18":"shipping-taxable","19":"purchasable","20":"product-type-simple"},"acf":[],"seolaxy_ctr_woo_product_custom_meta_description_content":"","_links":{"self":[{"href":"https:\/\/www.sinpeks.com\/rs\/wp-json\/wp\/v2\/product\/12513","targetHints":{"allow":["GET"]}}],"collection":[{"href":"https:\/\/www.sinpeks.com\/rs\/wp-json\/wp\/v2\/product"}],"about":[{"href":"https:\/\/www.sinpeks.com\/rs\/wp-json\/wp\/v2\/types\/product"}],"replies":[{"embeddable":true,"href":"https:\/\/www.sinpeks.com\/rs\/wp-json\/wp\/v2\/comments?post=12513"}],"wp:featuredmedia":[{"embeddable":true,"href":"https:\/\/www.sinpeks.com\/rs\/wp-json\/wp\/v2\/media\/19134"}],"wp:attachment":[{"href":"https:\/\/www.sinpeks.com\/rs\/wp-json\/wp\/v2\/media?parent=12513"}],"wp:term":[{"taxonomy":"product_cat","embeddable":true,"href":"https:\/\/www.sinpeks.com\/rs\/wp-json\/wp\/v2\/product_cat?post=12513"},{"taxonomy":"product_tag","embeddable":true,"href":"https:\/\/www.sinpeks.com\/rs\/wp-json\/wp\/v2\/product_tag?post=12513"}],"curies":[{"name":"wp","href":"https:\/\/api.w.org\/{rel}","templated":true}]}}