{"id":12512,"date":"2024-11-19T18:01:40","date_gmt":"2024-11-19T18:01:40","guid":{"rendered":"https:\/\/www.sinpeks.com\/rs\/p\/berac-lesnika-kefeli-1300\/"},"modified":"2026-01-13T11:15:02","modified_gmt":"2026-01-13T11:15:02","slug":"berac-lesnika-kefeli-1300","status":"publish","type":"product","link":"https:\/\/www.sinpeks.com\/rs\/p\/berac-lesnika-kefeli-1300\/","title":{"rendered":"Bera\u010d le\u0161nika KEFELI 1300"},"content":{"rendered":"<p>Samohodna ma\u0161ina za branje ora\u0161astih plodova sa pogonom od 6.5 KS i kapacitetom od 2-4 t (10-15 dekara) na dan. Karakteri\u0161u je radna \u0161irina od 1300 mm, 2 sistem prenosa unapred i 1 unazad, sigurnosni sistem protiv zaglavljivanja, moguc\u0301nost odvojenog upravljanja ma\u0161inom i ma\u0161inom za hodanje i posebno dizajniranu kontrolnu ru\u010dicu za jednostavnu upotrebu.<br \/>\nDimenzije:\u00a0 2800*1520*1350<\/p>\n","protected":false},"excerpt":{"rendered":"<p>Samohodna ma\u0161ina za branje ora\u0161astih plodova sa pogonom od 6.5 KS i kapacitetom od 2-4 t (10-15 dekara) na dan. Karakteri\u0161u je radna \u0161irina od 1300 mm, 2 sistem prenosa unapred i 1 unazad, sigurnosni sistem protiv zaglavljivanja, moguc\u0301nost odvojenog upravljanja ma\u0161inom i ma\u0161inom za hodanje i posebno dizajniranu kontrolnu ru\u010dicu za jednostavnu upotrebu. Dimenzije:\u00a0 [&hellip;]<\/p>\n","protected":false},"featured_media":15904,"comment_status":"open","ping_status":"closed","template":"","meta":{"_acf_changed":false},"product_cat":[194],"product_tag":[],"class_list":{"0":"post-12512","1":"product","2":"type-product","3":"status-publish","4":"has-post-thumbnail","6":"product_cat-branje-i-ciscenje-lesnika","7":"product_shipping_class-ostale-kategorije-makedonija","8":"pa_b-kefeli-tarim","9":"pa_market-ba","10":"pa_market-mk","11":"pa_market-rs","12":"pa_radna-sirina-1300mm","13":"pa_snaga-6-5-ks","15":"first","16":"instock","17":"sale","18":"taxable","19":"shipping-taxable","20":"purchasable","21":"product-type-simple"},"acf":[],"seolaxy_ctr_woo_product_custom_meta_description_content":"","_links":{"self":[{"href":"https:\/\/www.sinpeks.com\/rs\/wp-json\/wp\/v2\/product\/12512","targetHints":{"allow":["GET"]}}],"collection":[{"href":"https:\/\/www.sinpeks.com\/rs\/wp-json\/wp\/v2\/product"}],"about":[{"href":"https:\/\/www.sinpeks.com\/rs\/wp-json\/wp\/v2\/types\/product"}],"replies":[{"embeddable":true,"href":"https:\/\/www.sinpeks.com\/rs\/wp-json\/wp\/v2\/comments?post=12512"}],"wp:featuredmedia":[{"embeddable":true,"href":"https:\/\/www.sinpeks.com\/rs\/wp-json\/wp\/v2\/media\/15904"}],"wp:attachment":[{"href":"https:\/\/www.sinpeks.com\/rs\/wp-json\/wp\/v2\/media?parent=12512"}],"wp:term":[{"taxonomy":"product_cat","embeddable":true,"href":"https:\/\/www.sinpeks.com\/rs\/wp-json\/wp\/v2\/product_cat?post=12512"},{"taxonomy":"product_tag","embeddable":true,"href":"https:\/\/www.sinpeks.com\/rs\/wp-json\/wp\/v2\/product_tag?post=12512"}],"curies":[{"name":"wp","href":"https:\/\/api.w.org\/{rel}","templated":true}]}}