{"id":12511,"date":"2024-11-19T18:01:39","date_gmt":"2024-11-19T18:01:39","guid":{"rendered":"https:\/\/www.sinpeks.com\/rs\/p\/berac-lesnika-kf601\/"},"modified":"2026-01-13T11:11:01","modified_gmt":"2026-01-13T11:11:01","slug":"berac-lesnika-kf601","status":"publish","type":"product","link":"https:\/\/www.sinpeks.com\/rs\/p\/berac-lesnika-kf601\/","title":{"rendered":"Bera\u010d le\u0161nika KF601"},"content":{"rendered":"<p>Ma\u0161ina za\u00a0 sakupljanje ora\u0161astih plodova, vrhunskog turskog proizvo\u0111a\u010da Kefeli. Namenjen je za sakupljanje le\u0161nika, kestena, badema, oraha itd. U zavisnosti o plodu koji se bere, kapacitet sakupljanja ove ma\u0161ine je 1,5 do 4 tone dnevno.<br \/>\nDimenzije: 3800*1700*1950mm<\/p>\n","protected":false},"excerpt":{"rendered":"<p>Ma\u0161ina za\u00a0 sakupljanje ora\u0161astih plodova, vrhunskog turskog proizvo\u0111a\u010da Kefeli. Namenjen je za sakupljanje le\u0161nika, kestena, badema, oraha itd. U zavisnosti o plodu koji se bere, kapacitet sakupljanja ove ma\u0161ine je 1,5 do 4 tone dnevno. Dimenzije: 3800*1700*1950mm<\/p>\n","protected":false},"featured_media":15903,"comment_status":"open","ping_status":"closed","template":"","meta":{"_acf_changed":false},"product_cat":[194],"product_tag":[],"class_list":{"0":"post-12511","1":"product","2":"type-product","3":"status-publish","4":"has-post-thumbnail","6":"product_cat-branje-i-ciscenje-lesnika","7":"product_shipping_class-ostale-kategorije-makedonija","8":"pa_b-kefeli-tarim","9":"pa_market-ba","10":"pa_market-mk","11":"pa_market-rs","12":"pa_min-snaga-traktora-45-ks","14":"first","15":"outofstock","16":"sale","17":"taxable","18":"shipping-taxable","19":"purchasable","20":"product-type-simple"},"acf":[],"seolaxy_ctr_woo_product_custom_meta_description_content":"","_links":{"self":[{"href":"https:\/\/www.sinpeks.com\/rs\/wp-json\/wp\/v2\/product\/12511","targetHints":{"allow":["GET"]}}],"collection":[{"href":"https:\/\/www.sinpeks.com\/rs\/wp-json\/wp\/v2\/product"}],"about":[{"href":"https:\/\/www.sinpeks.com\/rs\/wp-json\/wp\/v2\/types\/product"}],"replies":[{"embeddable":true,"href":"https:\/\/www.sinpeks.com\/rs\/wp-json\/wp\/v2\/comments?post=12511"}],"wp:featuredmedia":[{"embeddable":true,"href":"https:\/\/www.sinpeks.com\/rs\/wp-json\/wp\/v2\/media\/15903"}],"wp:attachment":[{"href":"https:\/\/www.sinpeks.com\/rs\/wp-json\/wp\/v2\/media?parent=12511"}],"wp:term":[{"taxonomy":"product_cat","embeddable":true,"href":"https:\/\/www.sinpeks.com\/rs\/wp-json\/wp\/v2\/product_cat?post=12511"},{"taxonomy":"product_tag","embeddable":true,"href":"https:\/\/www.sinpeks.com\/rs\/wp-json\/wp\/v2\/product_tag?post=12511"}],"curies":[{"name":"wp","href":"https:\/\/api.w.org\/{rel}","templated":true}]}}