{"id":12510,"date":"2024-11-19T18:01:39","date_gmt":"2024-11-19T18:01:39","guid":{"rendered":"https:\/\/www.sinpeks.com\/rs\/p\/vadilica-krompira-bocna-bomet\/"},"modified":"2026-03-31T06:21:26","modified_gmt":"2026-03-31T06:21:26","slug":"vadilica-krompira-bocna-bomet","status":"publish","type":"product","link":"https:\/\/www.sinpeks.com\/rs\/p\/vadilica-krompira-bocna-bomet\/","title":{"rendered":"Vadilica krompira-bo\u010dna Bomet"},"content":{"rendered":"<p>Priklju\u010dna ma\u0161ina za traktor sa bo\u010dnim izbaciva\u010dem koja se koristi za izbacivanje krompira iz zemlje. Ma\u0161ina ima regulaciju dubine rada i uz pomo\u0107 vibracija trese zemlju i baca krompir u stranu.<\/p>\n","protected":false},"excerpt":{"rendered":"<p>Priklju\u010dna ma\u0161ina za traktor sa bo\u010dnim izbaciva\u010dem koja se koristi za izbacivanje krompira iz zemlje. Ma\u0161ina ima regulaciju dubine rada i uz pomo\u0107 vibracija trese zemlju i baca krompir u stranu.<\/p>\n","protected":false},"featured_media":19141,"comment_status":"open","ping_status":"closed","template":"","meta":{"_acf_changed":false},"product_cat":[2199],"product_tag":[],"class_list":{"0":"post-12510","1":"product","2":"type-product","3":"status-publish","4":"has-post-thumbnail","6":"product_cat-vadilice-za-krompir","7":"product_shipping_class-ostale-kategorije-makedonija","8":"pa_b-bomet","9":"pa_market-ba","10":"pa_market-mk","11":"pa_market-rs","12":"pa_min-snaga-traktora-10-ks","13":"pa_radna-dubina-20-cm","14":"pa_radna-sirina-56cm","15":"pa_tip-masine-po-redovima-jednoredne","17":"first","18":"outofstock","19":"sale","20":"taxable","21":"shipping-taxable","22":"purchasable","23":"product-type-simple"},"acf":[],"seolaxy_ctr_woo_product_custom_meta_description_content":"","_links":{"self":[{"href":"https:\/\/www.sinpeks.com\/rs\/wp-json\/wp\/v2\/product\/12510","targetHints":{"allow":["GET"]}}],"collection":[{"href":"https:\/\/www.sinpeks.com\/rs\/wp-json\/wp\/v2\/product"}],"about":[{"href":"https:\/\/www.sinpeks.com\/rs\/wp-json\/wp\/v2\/types\/product"}],"replies":[{"embeddable":true,"href":"https:\/\/www.sinpeks.com\/rs\/wp-json\/wp\/v2\/comments?post=12510"}],"wp:featuredmedia":[{"embeddable":true,"href":"https:\/\/www.sinpeks.com\/rs\/wp-json\/wp\/v2\/media\/19141"}],"wp:attachment":[{"href":"https:\/\/www.sinpeks.com\/rs\/wp-json\/wp\/v2\/media?parent=12510"}],"wp:term":[{"taxonomy":"product_cat","embeddable":true,"href":"https:\/\/www.sinpeks.com\/rs\/wp-json\/wp\/v2\/product_cat?post=12510"},{"taxonomy":"product_tag","embeddable":true,"href":"https:\/\/www.sinpeks.com\/rs\/wp-json\/wp\/v2\/product_tag?post=12510"}],"curies":[{"name":"wp","href":"https:\/\/api.w.org\/{rel}","templated":true}]}}