{"id":12509,"date":"2024-11-19T18:01:38","date_gmt":"2024-11-19T18:01:38","guid":{"rendered":"https:\/\/www.sinpeks.com\/rs\/p\/vadilica-krompira-bomet\/"},"modified":"2026-01-13T11:21:07","modified_gmt":"2026-01-13T11:21:07","slug":"vadilica-krompira-bomet","status":"publish","type":"product","link":"https:\/\/www.sinpeks.com\/rs\/p\/vadilica-krompira-bomet\/","title":{"rendered":"Vadilica krompira Bomet"},"content":{"rendered":"<p>Priklju\u010dna ma\u0161ina za traktor sa zadnjim izbacivanjem koja se koristi za va\u0111enje krompira iz zemlje. Ma\u0161ina ima regulaciju dubine rada i uz pomo\u0107 vibracija trese zemlju i izbacuje krompir na zadnju stranu.<\/p>\n","protected":false},"excerpt":{"rendered":"<p>Priklju\u010dna ma\u0161ina za traktor sa zadnjim izbacivanjem koja se koristi za va\u0111enje krompira iz zemlje. Ma\u0161ina ima regulaciju dubine rada i uz pomo\u0107 vibracija trese zemlju i izbacuje krompir na zadnju stranu.<\/p>\n","protected":false},"featured_media":15901,"comment_status":"open","ping_status":"closed","template":"","meta":{"_acf_changed":false},"product_cat":[2199],"product_tag":[],"class_list":{"0":"post-12509","1":"product","2":"type-product","3":"status-publish","4":"has-post-thumbnail","6":"product_cat-vadilice-za-krompir","7":"product_shipping_class-ostale-kategorije-makedonija","8":"pa_b-bomet","9":"pa_broj-radnih-tela-yes","10":"pa_market-ba","11":"pa_market-mk","12":"pa_market-rs","13":"pa_min-snaga-traktora-10-ks","14":"pa_radna-dubina-20-cm","15":"pa_radna-sirina-45cm","16":"pa_tip-masine-po-redovima-jednoredne","18":"first","19":"outofstock","20":"sale","21":"taxable","22":"shipping-taxable","23":"purchasable","24":"product-type-simple"},"acf":[],"seolaxy_ctr_woo_product_custom_meta_description_content":"","_links":{"self":[{"href":"https:\/\/www.sinpeks.com\/rs\/wp-json\/wp\/v2\/product\/12509","targetHints":{"allow":["GET"]}}],"collection":[{"href":"https:\/\/www.sinpeks.com\/rs\/wp-json\/wp\/v2\/product"}],"about":[{"href":"https:\/\/www.sinpeks.com\/rs\/wp-json\/wp\/v2\/types\/product"}],"replies":[{"embeddable":true,"href":"https:\/\/www.sinpeks.com\/rs\/wp-json\/wp\/v2\/comments?post=12509"}],"wp:featuredmedia":[{"embeddable":true,"href":"https:\/\/www.sinpeks.com\/rs\/wp-json\/wp\/v2\/media\/15901"}],"wp:attachment":[{"href":"https:\/\/www.sinpeks.com\/rs\/wp-json\/wp\/v2\/media?parent=12509"}],"wp:term":[{"taxonomy":"product_cat","embeddable":true,"href":"https:\/\/www.sinpeks.com\/rs\/wp-json\/wp\/v2\/product_cat?post=12509"},{"taxonomy":"product_tag","embeddable":true,"href":"https:\/\/www.sinpeks.com\/rs\/wp-json\/wp\/v2\/product_tag?post=12509"}],"curies":[{"name":"wp","href":"https:\/\/api.w.org\/{rel}","templated":true}]}}