{"id":12505,"date":"2024-11-19T18:01:36","date_gmt":"2024-11-19T18:01:36","guid":{"rendered":"https:\/\/www.sinpeks.com\/rs\/p\/rasipac-djubriva-irtem-2000-l\/"},"modified":"2026-01-13T11:47:28","modified_gmt":"2026-01-13T11:47:28","slug":"rasipac-djubriva-irtem-2000-l","status":"publish","type":"product","link":"https:\/\/www.sinpeks.com\/rs\/p\/rasipac-djubriva-irtem-2000-l\/","title":{"rendered":"Rasipa\u010d \u0111ubriva Irtem 2000 l"},"content":{"rendered":"<p>Velik i robusni rasipa\u010d \u0111ubriva sa kapacitetom od 2000 litara, namenjen za traktore sa min. 130 ks. Ima kapacitet rasipanja od 5-100 kg i podesivu radnu \u0161irinu od 10-12-15-18-24 metara.<\/p>\n","protected":false},"excerpt":{"rendered":"<p>Velik i robusni rasipa\u010d \u0111ubriva sa kapacitetom od 2000 litara, namenjen za traktore sa min. 130 ks. Ima kapacitet rasipanja od 5-100 kg i podesivu radnu \u0161irinu od 10-12-15-18-24 metara.<\/p>\n","protected":false},"featured_media":15896,"comment_status":"open","ping_status":"closed","template":"","meta":{"_acf_changed":false},"product_cat":[83],"product_tag":[],"class_list":{"0":"post-12505","1":"product","2":"type-product","3":"status-publish","4":"has-post-thumbnail","6":"product_cat-rasipaci","7":"product_shipping_class-ostale-kategorije-makedonija","8":"pa_b-irtem","9":"pa_market-ba","10":"pa_market-mk","11":"pa_market-rs","12":"pa_min-snaga-traktora-130-ks","13":"pa_tip-rasipaca-sa-dva-diska","14":"pa_zapremina-rezervoara-2000-l","16":"first","17":"outofstock","18":"sale","19":"taxable","20":"shipping-taxable","21":"purchasable","22":"product-type-simple"},"acf":[],"seolaxy_ctr_woo_product_custom_meta_description_content":"","_links":{"self":[{"href":"https:\/\/www.sinpeks.com\/rs\/wp-json\/wp\/v2\/product\/12505","targetHints":{"allow":["GET"]}}],"collection":[{"href":"https:\/\/www.sinpeks.com\/rs\/wp-json\/wp\/v2\/product"}],"about":[{"href":"https:\/\/www.sinpeks.com\/rs\/wp-json\/wp\/v2\/types\/product"}],"replies":[{"embeddable":true,"href":"https:\/\/www.sinpeks.com\/rs\/wp-json\/wp\/v2\/comments?post=12505"}],"wp:featuredmedia":[{"embeddable":true,"href":"https:\/\/www.sinpeks.com\/rs\/wp-json\/wp\/v2\/media\/15896"}],"wp:attachment":[{"href":"https:\/\/www.sinpeks.com\/rs\/wp-json\/wp\/v2\/media?parent=12505"}],"wp:term":[{"taxonomy":"product_cat","embeddable":true,"href":"https:\/\/www.sinpeks.com\/rs\/wp-json\/wp\/v2\/product_cat?post=12505"},{"taxonomy":"product_tag","embeddable":true,"href":"https:\/\/www.sinpeks.com\/rs\/wp-json\/wp\/v2\/product_tag?post=12505"}],"curies":[{"name":"wp","href":"https:\/\/api.w.org\/{rel}","templated":true}]}}