{"id":12501,"date":"2024-11-19T18:01:34","date_gmt":"2024-11-19T18:01:34","guid":{"rendered":"https:\/\/www.sinpeks.com\/rs\/p\/rasipac-djubriva-1200l-sa-kardanom\/"},"modified":"2026-01-13T11:25:10","modified_gmt":"2026-01-13T11:25:10","slug":"rasipac-djubriva-1200l-sa-kardanom","status":"publish","type":"product","link":"https:\/\/www.sinpeks.com\/rs\/p\/rasipac-djubriva-1200l-sa-kardanom\/","title":{"rendered":"Rasipa\u010d \u0111ubriva 1200l sa kardanom"},"content":{"rendered":"<p>Rasipa\u010d \u0111ubriva, opremljen kardanom, sa radnim zahvatom od 24 metara i zapremninom od 1200 litara. Ima sopstvenu masu od 220 kg i za rad sa njim je potreban traktor sa min. 70 ks.<\/p>\n","protected":false},"excerpt":{"rendered":"<p>Rasipa\u010d \u0111ubriva, opremljen kardanom, sa radnim zahvatom od 24 metara i zapremninom od 1200 litara. Ima sopstvenu masu od 220 kg i za rad sa njim je potreban traktor sa min. 70 ks.<\/p>\n","protected":false},"featured_media":19172,"comment_status":"open","ping_status":"closed","template":"","meta":{"_acf_changed":false},"product_cat":[83],"product_tag":[],"class_list":{"0":"post-12501","1":"product","2":"type-product","3":"status-publish","4":"has-post-thumbnail","6":"product_cat-rasipaci","7":"product_shipping_class-ostale-kategorije-makedonija","8":"pa_b-careta","9":"pa_market-ba","10":"pa_market-mk","11":"pa_market-rs","12":"pa_min-snaga-traktora-70-ks","13":"pa_tip-rasipaca-sa-dva-diska","14":"pa_zapremina-rezervoara-1200-l","16":"first","17":"outofstock","18":"sale","19":"taxable","20":"shipping-taxable","21":"purchasable","22":"product-type-simple"},"acf":[],"seolaxy_ctr_woo_product_custom_meta_description_content":"","_links":{"self":[{"href":"https:\/\/www.sinpeks.com\/rs\/wp-json\/wp\/v2\/product\/12501","targetHints":{"allow":["GET"]}}],"collection":[{"href":"https:\/\/www.sinpeks.com\/rs\/wp-json\/wp\/v2\/product"}],"about":[{"href":"https:\/\/www.sinpeks.com\/rs\/wp-json\/wp\/v2\/types\/product"}],"replies":[{"embeddable":true,"href":"https:\/\/www.sinpeks.com\/rs\/wp-json\/wp\/v2\/comments?post=12501"}],"wp:featuredmedia":[{"embeddable":true,"href":"https:\/\/www.sinpeks.com\/rs\/wp-json\/wp\/v2\/media\/19172"}],"wp:attachment":[{"href":"https:\/\/www.sinpeks.com\/rs\/wp-json\/wp\/v2\/media?parent=12501"}],"wp:term":[{"taxonomy":"product_cat","embeddable":true,"href":"https:\/\/www.sinpeks.com\/rs\/wp-json\/wp\/v2\/product_cat?post=12501"},{"taxonomy":"product_tag","embeddable":true,"href":"https:\/\/www.sinpeks.com\/rs\/wp-json\/wp\/v2\/product_tag?post=12501"}],"curies":[{"name":"wp","href":"https:\/\/api.w.org\/{rel}","templated":true}]}}