{"id":12499,"date":"2024-11-19T18:01:33","date_gmt":"2024-11-19T18:01:33","guid":{"rendered":"https:\/\/www.sinpeks.com\/rs\/p\/rasipac-djubriva-800l-sa-kardanom\/"},"modified":"2026-04-23T09:30:51","modified_gmt":"2026-04-23T09:30:51","slug":"rasipac-djubriva-800l-sa-kardanom","status":"publish","type":"product","link":"https:\/\/www.sinpeks.com\/rs\/p\/rasipac-djubriva-800l-sa-kardanom\/","title":{"rendered":"Rasipa\u010d \u0111ubriva Careta 800l sa kardanom"},"content":{"rendered":"<p>Rasipa\u010d \u0111ubriva sa duplim diskom za rasipanje granuliranog \u0111ubriva za sve kulture i kapacitetom od 800 litara. Izra\u0111en je od\u00a0 emajliranog \u010delika turskog kvaliteta i opremljen je kardanom.<\/p>\n","protected":false},"excerpt":{"rendered":"<p>Rasipa\u010d \u0111ubriva sa duplim diskom za rasipanje granuliranog \u0111ubriva za sve kulture i kapacitetom od 800 litara. Izra\u0111en je od\u00a0 emajliranog \u010delika turskog kvaliteta i opremljen je kardanom.<\/p>\n","protected":false},"featured_media":15890,"comment_status":"open","ping_status":"closed","template":"","meta":{"_acf_changed":false},"product_cat":[83],"product_tag":[],"class_list":{"0":"post-12499","1":"product","2":"type-product","3":"status-publish","4":"has-post-thumbnail","6":"product_cat-rasipaci","7":"product_shipping_class-ostale-kategorije-srbija","8":"pa_b-careta","9":"pa_market-ba","10":"pa_market-mk","11":"pa_market-rs","12":"pa_min-snaga-traktora-40-ks","13":"pa_tip-rasipaca-sa-dva-diska","14":"pa_zapremina-rezervoara-800-l","16":"first","17":"instock","18":"sale","19":"taxable","20":"shipping-taxable","21":"purchasable","22":"product-type-simple"},"acf":[],"seolaxy_ctr_woo_product_custom_meta_description_content":"","_links":{"self":[{"href":"https:\/\/www.sinpeks.com\/rs\/wp-json\/wp\/v2\/product\/12499","targetHints":{"allow":["GET"]}}],"collection":[{"href":"https:\/\/www.sinpeks.com\/rs\/wp-json\/wp\/v2\/product"}],"about":[{"href":"https:\/\/www.sinpeks.com\/rs\/wp-json\/wp\/v2\/types\/product"}],"replies":[{"embeddable":true,"href":"https:\/\/www.sinpeks.com\/rs\/wp-json\/wp\/v2\/comments?post=12499"}],"wp:featuredmedia":[{"embeddable":true,"href":"https:\/\/www.sinpeks.com\/rs\/wp-json\/wp\/v2\/media\/15890"}],"wp:attachment":[{"href":"https:\/\/www.sinpeks.com\/rs\/wp-json\/wp\/v2\/media?parent=12499"}],"wp:term":[{"taxonomy":"product_cat","embeddable":true,"href":"https:\/\/www.sinpeks.com\/rs\/wp-json\/wp\/v2\/product_cat?post=12499"},{"taxonomy":"product_tag","embeddable":true,"href":"https:\/\/www.sinpeks.com\/rs\/wp-json\/wp\/v2\/product_tag?post=12499"}],"curies":[{"name":"wp","href":"https:\/\/api.w.org\/{rel}","templated":true}]}}