{"id":12494,"date":"2024-11-19T18:01:31","date_gmt":"2024-11-19T18:01:31","guid":{"rendered":"https:\/\/www.sinpeks.com\/rs\/p\/rasipac-djubriva-ontar-buffer-1000l-dupli-disk\/"},"modified":"2026-01-13T11:06:58","modified_gmt":"2026-01-13T11:06:58","slug":"rasipac-djubriva-ontar-buffer-1000l-dupli-disk","status":"publish","type":"product","link":"https:\/\/www.sinpeks.com\/rs\/p\/rasipac-djubriva-ontar-buffer-1000l-dupli-disk\/","title":{"rendered":"Rasipa\u010d \u0111ubriva Ontar-Buffer 1000l. dupli disk"},"content":{"rendered":"<p>Priklju\u010dna ma\u0161ina, turskog proizvo\u0111a\u010da Ontar,\u00a0 namenjena rasipanju granuliranog ve\u0161ta\u010dkog \u0111ubriva na sve vrsta kultura.<br \/>\nOpremljen duplim diskom za rasipanje i kapacitetom od 1000 litara.<\/p>\n","protected":false},"excerpt":{"rendered":"<p>Priklju\u010dna ma\u0161ina, turskog proizvo\u0111a\u010da Ontar,\u00a0 namenjena rasipanju granuliranog ve\u0161ta\u010dkog \u0111ubriva na sve vrsta kultura. Opremljen duplim diskom za rasipanje i kapacitetom od 1000 litara.<\/p>\n","protected":false},"featured_media":15885,"comment_status":"open","ping_status":"closed","template":"","meta":{"_acf_changed":false},"product_cat":[83],"product_tag":[],"class_list":{"0":"post-12494","1":"product","2":"type-product","3":"status-publish","4":"has-post-thumbnail","6":"product_cat-rasipaci","7":"product_shipping_class-ostale-kategorije-makedonija","8":"pa_b-bufer","9":"pa_market-ba","10":"pa_market-mk","11":"pa_market-rs","12":"pa_min-snaga-traktora-65-ks","13":"pa_tip-rasipaca-sa-dva-diska","14":"pa_zapremina-rezervoara-1000-l","16":"first","17":"outofstock","18":"sale","19":"taxable","20":"shipping-taxable","21":"purchasable","22":"product-type-simple"},"acf":[],"seolaxy_ctr_woo_product_custom_meta_description_content":"","_links":{"self":[{"href":"https:\/\/www.sinpeks.com\/rs\/wp-json\/wp\/v2\/product\/12494","targetHints":{"allow":["GET"]}}],"collection":[{"href":"https:\/\/www.sinpeks.com\/rs\/wp-json\/wp\/v2\/product"}],"about":[{"href":"https:\/\/www.sinpeks.com\/rs\/wp-json\/wp\/v2\/types\/product"}],"replies":[{"embeddable":true,"href":"https:\/\/www.sinpeks.com\/rs\/wp-json\/wp\/v2\/comments?post=12494"}],"wp:featuredmedia":[{"embeddable":true,"href":"https:\/\/www.sinpeks.com\/rs\/wp-json\/wp\/v2\/media\/15885"}],"wp:attachment":[{"href":"https:\/\/www.sinpeks.com\/rs\/wp-json\/wp\/v2\/media?parent=12494"}],"wp:term":[{"taxonomy":"product_cat","embeddable":true,"href":"https:\/\/www.sinpeks.com\/rs\/wp-json\/wp\/v2\/product_cat?post=12494"},{"taxonomy":"product_tag","embeddable":true,"href":"https:\/\/www.sinpeks.com\/rs\/wp-json\/wp\/v2\/product_tag?post=12494"}],"curies":[{"name":"wp","href":"https:\/\/api.w.org\/{rel}","templated":true}]}}