{"id":12493,"date":"2024-11-19T18:01:30","date_gmt":"2024-11-19T18:01:30","guid":{"rendered":"https:\/\/www.sinpeks.com\/rs\/p\/rasipac-djubriva-ontar-buffer-800l-dupli-disk\/"},"modified":"2026-01-13T11:06:58","modified_gmt":"2026-01-13T11:06:58","slug":"rasipac-djubriva-ontar-buffer-800l-dupli-disk","status":"publish","type":"product","link":"https:\/\/www.sinpeks.com\/rs\/p\/rasipac-djubriva-ontar-buffer-800l-dupli-disk\/","title":{"rendered":"Rasipa\u010d \u0111ubriva Ontar-Buffer 800l. dupli disk"},"content":{"rendered":"<p>Priklju\u010dna ma\u0161ina za rasipanje zrnatog \u0111ubriva sa kapacitetom od 800 litara i duplim diskom. Ima radnu \u0161irinu od 2400 cm i za rad zahteva minimalnu snagu traktora od 60ks.<\/p>\n","protected":false},"excerpt":{"rendered":"<p>Priklju\u010dna ma\u0161ina za rasipanje zrnatog \u0111ubriva sa kapacitetom od 800 litara i duplim diskom. Ima radnu \u0161irinu od 2400 cm i za rad zahteva minimalnu snagu traktora od 60ks.<\/p>\n","protected":false},"featured_media":15884,"comment_status":"open","ping_status":"closed","template":"","meta":{"_acf_changed":false},"product_cat":[83],"product_tag":[],"class_list":{"0":"post-12493","1":"product","2":"type-product","3":"status-publish","4":"has-post-thumbnail","6":"product_cat-rasipaci","7":"product_shipping_class-ostale-kategorije-makedonija","8":"pa_b-bufer","9":"pa_market-ba","10":"pa_market-mk","11":"pa_market-rs","12":"pa_min-snaga-traktora-60-ks","13":"pa_tip-rasipaca-sa-dva-diska","14":"pa_zapremina-rezervoara-800-l","16":"first","17":"outofstock","18":"sale","19":"taxable","20":"shipping-taxable","21":"purchasable","22":"product-type-simple"},"acf":[],"seolaxy_ctr_woo_product_custom_meta_description_content":"","_links":{"self":[{"href":"https:\/\/www.sinpeks.com\/rs\/wp-json\/wp\/v2\/product\/12493","targetHints":{"allow":["GET"]}}],"collection":[{"href":"https:\/\/www.sinpeks.com\/rs\/wp-json\/wp\/v2\/product"}],"about":[{"href":"https:\/\/www.sinpeks.com\/rs\/wp-json\/wp\/v2\/types\/product"}],"replies":[{"embeddable":true,"href":"https:\/\/www.sinpeks.com\/rs\/wp-json\/wp\/v2\/comments?post=12493"}],"wp:featuredmedia":[{"embeddable":true,"href":"https:\/\/www.sinpeks.com\/rs\/wp-json\/wp\/v2\/media\/15884"}],"wp:attachment":[{"href":"https:\/\/www.sinpeks.com\/rs\/wp-json\/wp\/v2\/media?parent=12493"}],"wp:term":[{"taxonomy":"product_cat","embeddable":true,"href":"https:\/\/www.sinpeks.com\/rs\/wp-json\/wp\/v2\/product_cat?post=12493"},{"taxonomy":"product_tag","embeddable":true,"href":"https:\/\/www.sinpeks.com\/rs\/wp-json\/wp\/v2\/product_tag?post=12493"}],"curies":[{"name":"wp","href":"https:\/\/api.w.org\/{rel}","templated":true}]}}