{"id":12484,"date":"2024-11-19T18:01:25","date_gmt":"2024-11-19T18:01:25","guid":{"rendered":"https:\/\/www.sinpeks.com\/rs\/p\/traktorska-freza-c-tip-1-8-m\/"},"modified":"2026-04-24T09:36:20","modified_gmt":"2026-04-24T09:36:20","slug":"traktorska-freza-c-tip-1-8-m","status":"publish","type":"product","link":"https:\/\/www.sinpeks.com\/rs\/p\/traktorska-freza-c-tip-1-8-m\/","title":{"rendered":"Traktorska freza Agrina C TIP 1.8 m"},"content":{"rendered":"<p>Priklju\u010dna ma\u0161ina za traktor koja se koristi za obradu i pripremu tla pre setve i sadnje. Ima radnu \u0161irinu od 180 cm i 54 no\u017eeva. Minimalna potrebna snaga traktora za rad sa ovom frezom iznosi 30KS.<\/p>\n","protected":false},"excerpt":{"rendered":"<p>Priklju\u010dna ma\u0161ina za traktor koja se koristi za obradu i pripremu tla pre setve i sadnje. Ima radnu \u0161irinu od 180 cm i 54 no\u017eeva. Minimalna potrebna snaga traktora za rad sa ovom frezom iznosi 30KS.<\/p>\n","protected":false},"featured_media":15874,"comment_status":"open","ping_status":"closed","template":"","meta":{"_acf_changed":false},"product_cat":[78],"product_tag":[],"class_list":{"0":"post-12484","1":"product","2":"type-product","3":"status-publish","4":"has-post-thumbnail","6":"product_cat-freze","7":"product_shipping_class-ostale-kategorije-makedonija","8":"pa_b-agrina","9":"pa_market-ba","10":"pa_market-mk","11":"pa_market-rs","12":"pa_min-snaga-traktora-30-50-ks","13":"pa_radna-dubina-12-cm","14":"pa_radna-sirina-180cm","16":"first","17":"instock","18":"sale","19":"taxable","20":"shipping-taxable","21":"purchasable","22":"product-type-simple"},"acf":[],"seolaxy_ctr_woo_product_custom_meta_description_content":"","_links":{"self":[{"href":"https:\/\/www.sinpeks.com\/rs\/wp-json\/wp\/v2\/product\/12484","targetHints":{"allow":["GET"]}}],"collection":[{"href":"https:\/\/www.sinpeks.com\/rs\/wp-json\/wp\/v2\/product"}],"about":[{"href":"https:\/\/www.sinpeks.com\/rs\/wp-json\/wp\/v2\/types\/product"}],"replies":[{"embeddable":true,"href":"https:\/\/www.sinpeks.com\/rs\/wp-json\/wp\/v2\/comments?post=12484"}],"wp:featuredmedia":[{"embeddable":true,"href":"https:\/\/www.sinpeks.com\/rs\/wp-json\/wp\/v2\/media\/15874"}],"wp:attachment":[{"href":"https:\/\/www.sinpeks.com\/rs\/wp-json\/wp\/v2\/media?parent=12484"}],"wp:term":[{"taxonomy":"product_cat","embeddable":true,"href":"https:\/\/www.sinpeks.com\/rs\/wp-json\/wp\/v2\/product_cat?post=12484"},{"taxonomy":"product_tag","embeddable":true,"href":"https:\/\/www.sinpeks.com\/rs\/wp-json\/wp\/v2\/product_tag?post=12484"}],"curies":[{"name":"wp","href":"https:\/\/api.w.org\/{rel}","templated":true}]}}