{"id":12482,"date":"2024-11-19T18:01:24","date_gmt":"2024-11-19T18:01:24","guid":{"rendered":"https:\/\/www.sinpeks.com\/rs\/p\/teska-traktorska-freza-agrina\/"},"modified":"2026-04-23T09:30:50","modified_gmt":"2026-04-23T09:30:50","slug":"teska-traktorska-freza-agrina","status":"publish","type":"product","link":"https:\/\/www.sinpeks.com\/rs\/p\/teska-traktorska-freza-agrina\/","title":{"rendered":"Te\u0161ka traktorska freza Agrina 2.05m sa kardanom"},"content":{"rendered":"<p>Te\u0161ka traktorska freza za pripremu zemlji\u0161ta za setvu i sadnju. Opremljena kardanom. Karakteri\u0161u je radna \u0161irina od 1910mm i radna dubina od 190mm. Potrebna snaga traktora za upotrebu ove freze iznosi 45-60ks.<\/p>\n","protected":false},"excerpt":{"rendered":"<p>Te\u0161ka traktorska freza za pripremu zemlji\u0161ta za setvu i sadnju. Opremljena kardanom. Karakteri\u0161u je radna \u0161irina od 1910mm i radna dubina od 190mm. Potrebna snaga traktora za upotrebu ove freze iznosi 45-60ks.<\/p>\n","protected":false},"featured_media":15872,"comment_status":"open","ping_status":"closed","template":"","meta":{"_acf_changed":false},"product_cat":[78],"product_tag":[],"class_list":{"0":"post-12482","1":"product","2":"type-product","3":"status-publish","4":"has-post-thumbnail","6":"product_cat-freze","7":"product_shipping_class-ostale-kategorije-srbija","8":"pa_b-agrina","9":"pa_market-ba","10":"pa_market-mk","11":"pa_market-rs","12":"pa_min-snaga-traktora-45-60-ks","13":"pa_radna-dubina-19-cm","14":"pa_radna-sirina-1910mm","16":"first","17":"instock","18":"sale","19":"taxable","20":"shipping-taxable","21":"purchasable","22":"product-type-simple"},"acf":[],"seolaxy_ctr_woo_product_custom_meta_description_content":"","_links":{"self":[{"href":"https:\/\/www.sinpeks.com\/rs\/wp-json\/wp\/v2\/product\/12482","targetHints":{"allow":["GET"]}}],"collection":[{"href":"https:\/\/www.sinpeks.com\/rs\/wp-json\/wp\/v2\/product"}],"about":[{"href":"https:\/\/www.sinpeks.com\/rs\/wp-json\/wp\/v2\/types\/product"}],"replies":[{"embeddable":true,"href":"https:\/\/www.sinpeks.com\/rs\/wp-json\/wp\/v2\/comments?post=12482"}],"wp:featuredmedia":[{"embeddable":true,"href":"https:\/\/www.sinpeks.com\/rs\/wp-json\/wp\/v2\/media\/15872"}],"wp:attachment":[{"href":"https:\/\/www.sinpeks.com\/rs\/wp-json\/wp\/v2\/media?parent=12482"}],"wp:term":[{"taxonomy":"product_cat","embeddable":true,"href":"https:\/\/www.sinpeks.com\/rs\/wp-json\/wp\/v2\/product_cat?post=12482"},{"taxonomy":"product_tag","embeddable":true,"href":"https:\/\/www.sinpeks.com\/rs\/wp-json\/wp\/v2\/product_tag?post=12482"}],"curies":[{"name":"wp","href":"https:\/\/api.w.org\/{rel}","templated":true}]}}