{"id":12481,"date":"2024-11-19T18:01:24","date_gmt":"2024-11-19T18:01:24","guid":{"rendered":"https:\/\/www.sinpeks.com\/rs\/p\/roto-freza-agrina-35m\/"},"modified":"2026-01-13T11:15:02","modified_gmt":"2026-01-13T11:15:02","slug":"roto-freza-agrina-35m","status":"publish","type":"product","link":"https:\/\/www.sinpeks.com\/rs\/p\/roto-freza-agrina-35m\/","title":{"rendered":"Roto freza Agrina 3,5m"},"content":{"rendered":"<p>Roto freza Agrina, namenjena za pripremu zemlje za setvu i sadnju, pogodna za vece parcele. Karekteri\u0161u je radna \u0161irina od 3500mm, radna dubina od 280mm i 28 no\u017eeva du\u017eine 285mm i debljinom od 12mm. Potrebna snaga traktora za upotrebu ove roto freze je 100-115ks.<\/p>\n","protected":false},"excerpt":{"rendered":"<p>Roto freza Agrina, namenjena za pripremu zemlje za setvu i sadnju, pogodna za vece parcele. Karekteri\u0161u je radna \u0161irina od 3500mm, radna dubina od 280mm i 28 no\u017eeva du\u017eine 285mm i debljinom od 12mm. Potrebna snaga traktora za upotrebu ove roto freze je 100-115ks.<\/p>\n","protected":false},"featured_media":15871,"comment_status":"open","ping_status":"closed","template":"","meta":{"_acf_changed":false},"product_cat":[78],"product_tag":[],"class_list":{"0":"post-12481","1":"product","2":"type-product","3":"status-publish","4":"has-post-thumbnail","6":"product_cat-freze","7":"product_shipping_class-ostale-kategorije-makedonija","8":"pa_b-agrina","9":"pa_market-ba","10":"pa_market-mk","11":"pa_market-rs","12":"pa_min-snaga-traktora-100-ks","13":"pa_radna-dubina-28-cm","14":"pa_radna-sirina-350cm","16":"first","17":"outofstock","18":"sale","19":"taxable","20":"shipping-taxable","21":"purchasable","22":"product-type-simple"},"acf":[],"seolaxy_ctr_woo_product_custom_meta_description_content":"","_links":{"self":[{"href":"https:\/\/www.sinpeks.com\/rs\/wp-json\/wp\/v2\/product\/12481","targetHints":{"allow":["GET"]}}],"collection":[{"href":"https:\/\/www.sinpeks.com\/rs\/wp-json\/wp\/v2\/product"}],"about":[{"href":"https:\/\/www.sinpeks.com\/rs\/wp-json\/wp\/v2\/types\/product"}],"replies":[{"embeddable":true,"href":"https:\/\/www.sinpeks.com\/rs\/wp-json\/wp\/v2\/comments?post=12481"}],"wp:featuredmedia":[{"embeddable":true,"href":"https:\/\/www.sinpeks.com\/rs\/wp-json\/wp\/v2\/media\/15871"}],"wp:attachment":[{"href":"https:\/\/www.sinpeks.com\/rs\/wp-json\/wp\/v2\/media?parent=12481"}],"wp:term":[{"taxonomy":"product_cat","embeddable":true,"href":"https:\/\/www.sinpeks.com\/rs\/wp-json\/wp\/v2\/product_cat?post=12481"},{"taxonomy":"product_tag","embeddable":true,"href":"https:\/\/www.sinpeks.com\/rs\/wp-json\/wp\/v2\/product_tag?post=12481"}],"curies":[{"name":"wp","href":"https:\/\/api.w.org\/{rel}","templated":true}]}}