{"id":12474,"date":"2024-11-19T18:01:20","date_gmt":"2024-11-19T18:01:20","guid":{"rendered":"https:\/\/www.sinpeks.com\/rs\/p\/medjuredna-freza-orion-srednja\/"},"modified":"2026-04-23T09:28:57","modified_gmt":"2026-04-23T09:28:57","slug":"medjuredna-freza-orion-srednja","status":"publish","type":"product","link":"https:\/\/www.sinpeks.com\/rs\/p\/medjuredna-freza-orion-srednja\/","title":{"rendered":"Me\u0111uredna freza ORION srednja"},"content":{"rendered":"<p>Zadnja freza ORION, po svojoj geometriji sli\u010dna reverzibilnoj frezi Mira, razlikuje se od ove druge po moguc\u0301nosti rada u potpornim sistemima sa rastojanjem izme\u0111u redova veli\u010dine od najmanje 150 cm, zahvaljujuc\u0301i posebnom rasporedu me\u0111urednih glava, kako bi zadovoljili onu grupu kupaca koji imaju ove odre\u0111ene redove vinograda i\/ili voc\u0301njaka. Zadnja freza Orion ima odli\u010dan standardni hidrauli\u010dki sistem, definisan hidrauli\u010dnim razdeonikom sa 2 poluge, sa kablovima do traktora za kretanje me\u0111uredne glave.<br \/>\nKarakteri\u0161u je hidrauli\u010dno pome\u0161tanje. hidrauli\u010dno podizanje i senzor za povla\u010denje.<br \/>\nNapomena: cena freze je bez dodataka i ista se formira u zavisnosti od elemenata koji kupac zahteva.<\/p>\n","protected":false},"excerpt":{"rendered":"<p>Zadnja freza ORION, po svojoj geometriji sli\u010dna reverzibilnoj frezi Mira, razlikuje se od ove druge po moguc\u0301nosti rada u potpornim sistemima sa rastojanjem izme\u0111u redova veli\u010dine od najmanje 150 cm, zahvaljujuc\u0301i posebnom rasporedu me\u0111urednih glava, kako bi zadovoljili onu grupu kupaca koji imaju ove odre\u0111ene redove vinograda i\/ili voc\u0301njaka. Zadnja freza Orion ima odli\u010dan standardni [&hellip;]<\/p>\n","protected":false},"featured_media":15864,"comment_status":"open","ping_status":"closed","template":"","meta":{"_acf_changed":false},"product_cat":[78],"product_tag":[],"class_list":{"0":"post-12474","1":"product","2":"type-product","3":"status-publish","4":"has-post-thumbnail","6":"product_cat-freze","7":"product_shipping_class-ostale-kategorije-makedonija","8":"pa_b-orizzonti","9":"pa_market-ba","10":"pa_market-mk","11":"pa_market-rs","12":"pa_min-snaga-traktora-35-ks","13":"pa_radna-dubina-30-cm","14":"pa_radna-sirina-40cm","16":"first","17":"instock","18":"sale","19":"taxable","20":"shipping-taxable","21":"purchasable","22":"product-type-simple"},"acf":[],"seolaxy_ctr_woo_product_custom_meta_description_content":"","_links":{"self":[{"href":"https:\/\/www.sinpeks.com\/rs\/wp-json\/wp\/v2\/product\/12474","targetHints":{"allow":["GET"]}}],"collection":[{"href":"https:\/\/www.sinpeks.com\/rs\/wp-json\/wp\/v2\/product"}],"about":[{"href":"https:\/\/www.sinpeks.com\/rs\/wp-json\/wp\/v2\/types\/product"}],"replies":[{"embeddable":true,"href":"https:\/\/www.sinpeks.com\/rs\/wp-json\/wp\/v2\/comments?post=12474"}],"wp:featuredmedia":[{"embeddable":true,"href":"https:\/\/www.sinpeks.com\/rs\/wp-json\/wp\/v2\/media\/15864"}],"wp:attachment":[{"href":"https:\/\/www.sinpeks.com\/rs\/wp-json\/wp\/v2\/media?parent=12474"}],"wp:term":[{"taxonomy":"product_cat","embeddable":true,"href":"https:\/\/www.sinpeks.com\/rs\/wp-json\/wp\/v2\/product_cat?post=12474"},{"taxonomy":"product_tag","embeddable":true,"href":"https:\/\/www.sinpeks.com\/rs\/wp-json\/wp\/v2\/product_tag?post=12474"}],"curies":[{"name":"wp","href":"https:\/\/api.w.org\/{rel}","templated":true}]}}