{"id":12473,"date":"2024-11-19T18:01:19","date_gmt":"2024-11-19T18:01:19","guid":{"rendered":"https:\/\/www.sinpeks.com\/rs\/p\/medjuredna-freza-mira-sa-vert-nozeva\/"},"modified":"2026-01-13T11:09:00","modified_gmt":"2026-01-13T11:09:00","slug":"medjuredna-freza-mira-sa-vert-nozeva","status":"publish","type":"product","link":"https:\/\/www.sinpeks.com\/rs\/p\/medjuredna-freza-mira-sa-vert-nozeva\/","title":{"rendered":"Me\u0111uredna freza MIRA sa vert.no\u017eevima"},"content":{"rendered":"<p>MIRA reverzibilna freza \u010dini jednu od vrhunskih ma\u0161ina u celokupnoj proizvodnji kompanije Orizzonti. Jaka strana ma\u0161ine je u stvari reverzibilnost rada, napred ili pozadi, dobro prilago\u0111ena potrebama svih na\u0161ih kupaca i prilagodljiva svakom tipu traktora. Me\u0111uredna freza za obradu zemlji\u0161ta sa vertikalnim no\u017eevima vrhunskog italijanskog proizvo\u0111a\u010da Orizzonti.<br \/>\nKarakteri\u0161u je hidrauli\u010dno pome\u0161tanje. hidrauli\u010dno podizanje i senzor za povla\u010denje. Pogon je kardanski.<br \/>\nNapomena: Cena freze se formira zavisno o elementima koje klijent zahteva, a mogu\u0107e je priklju\u010diti sve ove elemente https:\/\/www.orizzontimacchineagricole.it\/agricultural-machines\/intercepts-working-tools<\/p>\n","protected":false},"excerpt":{"rendered":"<p>MIRA reverzibilna freza \u010dini jednu od vrhunskih ma\u0161ina u celokupnoj proizvodnji kompanije Orizzonti. Jaka strana ma\u0161ine je u stvari reverzibilnost rada, napred ili pozadi, dobro prilago\u0111ena potrebama svih na\u0161ih kupaca i prilagodljiva svakom tipu traktora. Me\u0111uredna freza za obradu zemlji\u0161ta sa vertikalnim no\u017eevima vrhunskog italijanskog proizvo\u0111a\u010da Orizzonti. Karakteri\u0161u je hidrauli\u010dno pome\u0161tanje. hidrauli\u010dno podizanje i senzor [&hellip;]<\/p>\n","protected":false},"featured_media":19121,"comment_status":"open","ping_status":"closed","template":"","meta":{"_acf_changed":false},"product_cat":[78],"product_tag":[],"class_list":{"0":"post-12473","1":"product","2":"type-product","3":"status-publish","4":"has-post-thumbnail","6":"product_cat-freze","7":"product_shipping_class-ostale-kategorije-makedonija","8":"pa_b-orizzonti","9":"pa_market-ba","10":"pa_market-mk","11":"pa_market-rs","12":"pa_min-snaga-traktora-35-ks","13":"pa_radna-dubina-30-cm","14":"pa_radna-sirina-40cm","16":"first","17":"outofstock","18":"sale","19":"taxable","20":"shipping-taxable","21":"purchasable","22":"product-type-simple"},"acf":[],"seolaxy_ctr_woo_product_custom_meta_description_content":"","_links":{"self":[{"href":"https:\/\/www.sinpeks.com\/rs\/wp-json\/wp\/v2\/product\/12473","targetHints":{"allow":["GET"]}}],"collection":[{"href":"https:\/\/www.sinpeks.com\/rs\/wp-json\/wp\/v2\/product"}],"about":[{"href":"https:\/\/www.sinpeks.com\/rs\/wp-json\/wp\/v2\/types\/product"}],"replies":[{"embeddable":true,"href":"https:\/\/www.sinpeks.com\/rs\/wp-json\/wp\/v2\/comments?post=12473"}],"wp:featuredmedia":[{"embeddable":true,"href":"https:\/\/www.sinpeks.com\/rs\/wp-json\/wp\/v2\/media\/19121"}],"wp:attachment":[{"href":"https:\/\/www.sinpeks.com\/rs\/wp-json\/wp\/v2\/media?parent=12473"}],"wp:term":[{"taxonomy":"product_cat","embeddable":true,"href":"https:\/\/www.sinpeks.com\/rs\/wp-json\/wp\/v2\/product_cat?post=12473"},{"taxonomy":"product_tag","embeddable":true,"href":"https:\/\/www.sinpeks.com\/rs\/wp-json\/wp\/v2\/product_tag?post=12473"}],"curies":[{"name":"wp","href":"https:\/\/api.w.org\/{rel}","templated":true}]}}