{"id":12472,"date":"2024-11-19T18:01:19","date_gmt":"2024-11-19T18:01:19","guid":{"rendered":"https:\/\/www.sinpeks.com\/rs\/p\/traktorska-freza-agrina-1-6m-um60\/"},"modified":"2026-05-07T11:55:26","modified_gmt":"2026-05-07T11:55:26","slug":"traktorska-freza-agrina-1-6m-um60","status":"publish","type":"product","link":"https:\/\/www.sinpeks.com\/rs\/p\/traktorska-freza-agrina-1-6m-um60\/","title":{"rendered":"Traktorska freza Agrina 1.6m &#8211; UM60"},"content":{"rendered":"<p>Traktorska freza namenjena za pripremu zemlji\u0161ta pred setvu i sadnju. Karakteri\u0161u je radna \u0161irina od 1651mm i radna dubina od 180mm. Potrebna snaga traktora za upotrebu ove freze iznosi 30-45ks.<\/p>\n","protected":false},"excerpt":{"rendered":"<p>Traktorska freza namenjena za pripremu zemlji\u0161ta pred setvu i sadnju. Karakteri\u0161u je radna \u0161irina od 1651mm i radna dubina od 180mm. Potrebna snaga traktora za upotrebu ove freze iznosi 30-45ks.<\/p>\n","protected":false},"featured_media":19114,"comment_status":"open","ping_status":"closed","template":"","meta":{"_acf_changed":false},"product_cat":[78],"product_tag":[],"class_list":{"0":"post-12472","1":"product","2":"type-product","3":"status-publish","4":"has-post-thumbnail","6":"product_cat-freze","7":"product_shipping_class-ostale-kategorije-srbija","8":"pa_b-agrina","9":"pa_market-ba","10":"pa_market-mk","11":"pa_market-rs","12":"pa_min-snaga-traktora-30-ks","13":"pa_radna-dubina-18-cm","14":"pa_radna-sirina-165cm","16":"first","17":"instock","18":"sale","19":"taxable","20":"shipping-taxable","21":"purchasable","22":"product-type-simple"},"acf":[],"seolaxy_ctr_woo_product_custom_meta_description_content":"","_links":{"self":[{"href":"https:\/\/www.sinpeks.com\/rs\/wp-json\/wp\/v2\/product\/12472","targetHints":{"allow":["GET"]}}],"collection":[{"href":"https:\/\/www.sinpeks.com\/rs\/wp-json\/wp\/v2\/product"}],"about":[{"href":"https:\/\/www.sinpeks.com\/rs\/wp-json\/wp\/v2\/types\/product"}],"replies":[{"embeddable":true,"href":"https:\/\/www.sinpeks.com\/rs\/wp-json\/wp\/v2\/comments?post=12472"}],"wp:featuredmedia":[{"embeddable":true,"href":"https:\/\/www.sinpeks.com\/rs\/wp-json\/wp\/v2\/media\/19114"}],"wp:attachment":[{"href":"https:\/\/www.sinpeks.com\/rs\/wp-json\/wp\/v2\/media?parent=12472"}],"wp:term":[{"taxonomy":"product_cat","embeddable":true,"href":"https:\/\/www.sinpeks.com\/rs\/wp-json\/wp\/v2\/product_cat?post=12472"},{"taxonomy":"product_tag","embeddable":true,"href":"https:\/\/www.sinpeks.com\/rs\/wp-json\/wp\/v2\/product_tag?post=12472"}],"curies":[{"name":"wp","href":"https:\/\/api.w.org\/{rel}","templated":true}]}}