{"id":12470,"date":"2024-11-19T18:01:17","date_gmt":"2024-11-19T18:01:17","guid":{"rendered":"https:\/\/www.sinpeks.com\/rs\/p\/traktorska-freza-v165-maschio-gaspardo\/"},"modified":"2026-01-13T11:06:58","modified_gmt":"2026-01-13T11:06:58","slug":"traktorska-freza-v165-maschio-gaspardo","status":"publish","type":"product","link":"https:\/\/www.sinpeks.com\/rs\/p\/traktorska-freza-v165-maschio-gaspardo\/","title":{"rendered":"Traktorska freza W165 Maschio Gaspardo"},"content":{"rendered":"<p>Traktorska freza renomiranog italijanskog proivo\u0111a\u010da Maschio Gaspardo. Priklju\u010dna ma\u0161ina za traktor za pripremu zemlji\u0161ta pred setvu i sadnju. Karakteri\u0161u je radna du\u017eina od 1650mm i radna dubina no\u017eeva od 180mm. Opremljena je kardanom. Potrebna snaga traktora za njenu upotrebu iznosi 30-40ks.<\/p>\n","protected":false},"excerpt":{"rendered":"<p>Traktorska freza renomiranog italijanskog proivo\u0111a\u010da Maschio Gaspardo. Priklju\u010dna ma\u0161ina za traktor za pripremu zemlji\u0161ta pred setvu i sadnju. Karakteri\u0161u je radna du\u017eina od 1650mm i radna dubina no\u017eeva od 180mm. Opremljena je kardanom. Potrebna snaga traktora za njenu upotrebu iznosi 30-40ks.<\/p>\n","protected":false},"featured_media":15859,"comment_status":"open","ping_status":"closed","template":"","meta":{"_acf_changed":false},"product_cat":[78],"product_tag":[],"class_list":{"0":"post-12470","1":"product","2":"type-product","3":"status-publish","4":"has-post-thumbnail","6":"product_cat-freze","7":"product_shipping_class-ostale-kategorije-makedonija","8":"pa_b-maschio-gaspardo","9":"pa_market-ba","10":"pa_market-mk","11":"pa_market-rs","12":"pa_min-snaga-traktora-30-ks","13":"pa_radna-dubina-18-cm","14":"pa_radna-sirina-165cm","16":"first","17":"outofstock","18":"sale","19":"taxable","20":"shipping-taxable","21":"purchasable","22":"product-type-simple"},"acf":[],"seolaxy_ctr_woo_product_custom_meta_description_content":"","_links":{"self":[{"href":"https:\/\/www.sinpeks.com\/rs\/wp-json\/wp\/v2\/product\/12470","targetHints":{"allow":["GET"]}}],"collection":[{"href":"https:\/\/www.sinpeks.com\/rs\/wp-json\/wp\/v2\/product"}],"about":[{"href":"https:\/\/www.sinpeks.com\/rs\/wp-json\/wp\/v2\/types\/product"}],"replies":[{"embeddable":true,"href":"https:\/\/www.sinpeks.com\/rs\/wp-json\/wp\/v2\/comments?post=12470"}],"wp:featuredmedia":[{"embeddable":true,"href":"https:\/\/www.sinpeks.com\/rs\/wp-json\/wp\/v2\/media\/15859"}],"wp:attachment":[{"href":"https:\/\/www.sinpeks.com\/rs\/wp-json\/wp\/v2\/media?parent=12470"}],"wp:term":[{"taxonomy":"product_cat","embeddable":true,"href":"https:\/\/www.sinpeks.com\/rs\/wp-json\/wp\/v2\/product_cat?post=12470"},{"taxonomy":"product_tag","embeddable":true,"href":"https:\/\/www.sinpeks.com\/rs\/wp-json\/wp\/v2\/product_tag?post=12470"}],"curies":[{"name":"wp","href":"https:\/\/api.w.org\/{rel}","templated":true}]}}