{"id":12468,"date":"2024-11-19T18:01:16","date_gmt":"2024-11-19T18:01:16","guid":{"rendered":"https:\/\/www.sinpeks.com\/rs\/p\/freza-ptf-125-termometal-bez-kardana\/"},"modified":"2026-01-13T10:49:09","modified_gmt":"2026-01-13T10:49:09","slug":"freza-ptf-125-termometal-bez-kardana","status":"publish","type":"product","link":"https:\/\/www.sinpeks.com\/rs\/p\/freza-ptf-125-termometal-bez-kardana\/","title":{"rendered":"Freza PTF 125 Termometal bez kardana"},"content":{"rendered":"<p>Traktorska freza PTF 125 &#8211; Bo\u010dni pomak, podesive klizne papu\u010de, podesiva radna dubina, spiralno montirani no\u017eevi, lanac za pogon bez odr\u017eavanja u uljnoj posudi, 4 no\u017ea po prirubnici, maksimalna dubina kopanja 18 cm.<\/p>\n","protected":false},"excerpt":{"rendered":"<p>Traktorska freza PTF 125 &#8211; Bo\u010dni pomak, podesive klizne papu\u010de, podesiva radna dubina, spiralno montirani no\u017eevi, lanac za pogon bez odr\u017eavanja u uljnoj posudi, 4 no\u017ea po prirubnici, maksimalna dubina kopanja 18 cm.<\/p>\n","protected":false},"featured_media":15857,"comment_status":"open","ping_status":"closed","template":"","meta":{"_acf_changed":false},"product_cat":[78],"product_tag":[],"class_list":{"0":"post-12468","1":"product","2":"type-product","3":"status-publish","4":"has-post-thumbnail","6":"product_cat-freze","7":"product_shipping_class-ostale-kategorije-makedonija","8":"pa_b-termometal","9":"pa_market-ba","10":"pa_market-mk","11":"pa_market-rs","12":"pa_min-snaga-traktora-25-ks","13":"pa_radna-dubina-18-cm","14":"pa_radna-sirina-125cm","16":"first","17":"outofstock","18":"sale","19":"taxable","20":"shipping-taxable","21":"purchasable","22":"product-type-simple"},"acf":[],"seolaxy_ctr_woo_product_custom_meta_description_content":"","_links":{"self":[{"href":"https:\/\/www.sinpeks.com\/rs\/wp-json\/wp\/v2\/product\/12468","targetHints":{"allow":["GET"]}}],"collection":[{"href":"https:\/\/www.sinpeks.com\/rs\/wp-json\/wp\/v2\/product"}],"about":[{"href":"https:\/\/www.sinpeks.com\/rs\/wp-json\/wp\/v2\/types\/product"}],"replies":[{"embeddable":true,"href":"https:\/\/www.sinpeks.com\/rs\/wp-json\/wp\/v2\/comments?post=12468"}],"wp:featuredmedia":[{"embeddable":true,"href":"https:\/\/www.sinpeks.com\/rs\/wp-json\/wp\/v2\/media\/15857"}],"wp:attachment":[{"href":"https:\/\/www.sinpeks.com\/rs\/wp-json\/wp\/v2\/media?parent=12468"}],"wp:term":[{"taxonomy":"product_cat","embeddable":true,"href":"https:\/\/www.sinpeks.com\/rs\/wp-json\/wp\/v2\/product_cat?post=12468"},{"taxonomy":"product_tag","embeddable":true,"href":"https:\/\/www.sinpeks.com\/rs\/wp-json\/wp\/v2\/product_tag?post=12468"}],"curies":[{"name":"wp","href":"https:\/\/api.w.org\/{rel}","templated":true}]}}