{"id":12466,"date":"2024-11-19T18:01:15","date_gmt":"2024-11-19T18:01:15","guid":{"rendered":"https:\/\/www.sinpeks.com\/rs\/p\/tanjiraca-20-diskova-laka-agrina\/"},"modified":"2026-04-23T09:36:34","modified_gmt":"2026-04-23T09:36:34","slug":"tanjiraca-20-diskova-laka-agrina","status":"publish","type":"product","link":"https:\/\/www.sinpeks.com\/rs\/p\/tanjiraca-20-diskova-laka-agrina\/","title":{"rendered":"Tanjira\u010da 20 diskova laka Agrina"},"content":{"rendered":"<p>Laka tanjira\u010da sa 20 diska i ramom od 60mm, koristi se u poljskom radu za povr\u0161insku obradu zemlje, za razbijanje grudva, pripremu zemlji\u0161ta pre setve i sadnje, zakopavanje organskih materija i ostataka, za provetravanje tla i uklanjanje korova, za lomljenje jakih korena. Opremljen visokokvalitetnim plo\u010dama od borovog \u010delika. Lako se prenosi i montira.<\/p>\n","protected":false},"excerpt":{"rendered":"<p>Laka tanjira\u010da sa 20 diska i ramom od 60mm, koristi se u poljskom radu za povr\u0161insku obradu zemlje, za razbijanje grudva, pripremu zemlji\u0161ta pre setve i sadnje, zakopavanje organskih materija i ostataka, za provetravanje tla i uklanjanje korova, za lomljenje jakih korena. Opremljen visokokvalitetnim plo\u010dama od borovog \u010delika. Lako se prenosi i montira.<\/p>\n","protected":false},"featured_media":16546,"comment_status":"open","ping_status":"closed","template":"","meta":{"_acf_changed":false},"product_cat":[81],"product_tag":[],"class_list":{"0":"post-12466","1":"product","2":"type-product","3":"status-publish","4":"has-post-thumbnail","6":"product_cat-tanjirace","7":"product_shipping_class-ostale-kategorije-srbija","8":"pa_b-agrina","9":"pa_broj-diskova-sa-20-diskova","10":"pa_market-ba","11":"pa_market-mk","12":"pa_market-rs","13":"pa_min-snaga-traktora-35-ks","14":"pa_precnik-diska-460-mm","15":"pa_radna-sirina-187cm","16":"pa_tip-masine-nosene","18":"first","19":"instock","20":"sale","21":"taxable","22":"shipping-taxable","23":"purchasable","24":"product-type-simple"},"acf":[],"seolaxy_ctr_woo_product_custom_meta_description_content":"","_links":{"self":[{"href":"https:\/\/www.sinpeks.com\/rs\/wp-json\/wp\/v2\/product\/12466","targetHints":{"allow":["GET"]}}],"collection":[{"href":"https:\/\/www.sinpeks.com\/rs\/wp-json\/wp\/v2\/product"}],"about":[{"href":"https:\/\/www.sinpeks.com\/rs\/wp-json\/wp\/v2\/types\/product"}],"replies":[{"embeddable":true,"href":"https:\/\/www.sinpeks.com\/rs\/wp-json\/wp\/v2\/comments?post=12466"}],"wp:featuredmedia":[{"embeddable":true,"href":"https:\/\/www.sinpeks.com\/rs\/wp-json\/wp\/v2\/media\/16546"}],"wp:attachment":[{"href":"https:\/\/www.sinpeks.com\/rs\/wp-json\/wp\/v2\/media?parent=12466"}],"wp:term":[{"taxonomy":"product_cat","embeddable":true,"href":"https:\/\/www.sinpeks.com\/rs\/wp-json\/wp\/v2\/product_cat?post=12466"},{"taxonomy":"product_tag","embeddable":true,"href":"https:\/\/www.sinpeks.com\/rs\/wp-json\/wp\/v2\/product_tag?post=12466"}],"curies":[{"name":"wp","href":"https:\/\/api.w.org\/{rel}","templated":true}]}}