{"id":12462,"date":"2024-11-19T18:01:13","date_gmt":"2024-11-19T18:01:13","guid":{"rendered":"https:\/\/www.sinpeks.com\/rs\/p\/tanjiraca-nosena-24-460-190-agroberza\/"},"modified":"2026-04-02T13:42:18","modified_gmt":"2026-04-02T13:42:18","slug":"tanjiraca-nosena-24-460-190-agroberza","status":"publish","type":"product","link":"https:\/\/www.sinpeks.com\/rs\/p\/tanjiraca-nosena-24-460-190-agroberza\/","title":{"rendered":"Tanjira\u010da no\u0161ena 24\/460\/190 Agroberza"},"content":{"rendered":"<p>Tanjira\u010da no\u0161ena sa 24 diska, srpskog proizvo\u0111a\u010da, je priklju\u010dna ma\u0161ina za traktor koja se koristi za povr\u0161insku obradu zemlje, razbijanje grudva, pripremu zemlji\u0161ta pre setve i sadnje, zakopavanje organskih materija i ostataka, provetravanje tla, uklanjanje korova i lomljenje jakih korena.<\/p>\n","protected":false},"excerpt":{"rendered":"<p>Tanjira\u010da no\u0161ena sa 24 diska, srpskog proizvo\u0111a\u010da, je priklju\u010dna ma\u0161ina za traktor koja se koristi za povr\u0161insku obradu zemlje, razbijanje grudva, pripremu zemlji\u0161ta pre setve i sadnje, zakopavanje organskih materija i ostataka, provetravanje tla, uklanjanje korova i lomljenje jakih korena.<\/p>\n","protected":false},"featured_media":18349,"comment_status":"open","ping_status":"closed","template":"","meta":{"_acf_changed":false},"product_cat":[81],"product_tag":[],"class_list":{"0":"post-12462","1":"product","2":"type-product","3":"status-publish","4":"has-post-thumbnail","6":"product_cat-tanjirace","7":"product_shipping_class-ostale-kategorije-makedonija","8":"pa_b-agro-berza","9":"pa_broj-diskova-sa-24-diska","10":"pa_market-ba","11":"pa_market-mk","12":"pa_market-rs","13":"pa_min-snaga-traktora-50-ks","14":"pa_precnik-diska-460-mm","15":"pa_radna-sirina-280cm","16":"pa_tip-masine-nosene","18":"first","19":"outofstock","20":"sale","21":"taxable","22":"shipping-taxable","23":"purchasable","24":"product-type-simple"},"acf":[],"seolaxy_ctr_woo_product_custom_meta_description_content":"","_links":{"self":[{"href":"https:\/\/www.sinpeks.com\/rs\/wp-json\/wp\/v2\/product\/12462","targetHints":{"allow":["GET"]}}],"collection":[{"href":"https:\/\/www.sinpeks.com\/rs\/wp-json\/wp\/v2\/product"}],"about":[{"href":"https:\/\/www.sinpeks.com\/rs\/wp-json\/wp\/v2\/types\/product"}],"replies":[{"embeddable":true,"href":"https:\/\/www.sinpeks.com\/rs\/wp-json\/wp\/v2\/comments?post=12462"}],"wp:featuredmedia":[{"embeddable":true,"href":"https:\/\/www.sinpeks.com\/rs\/wp-json\/wp\/v2\/media\/18349"}],"wp:attachment":[{"href":"https:\/\/www.sinpeks.com\/rs\/wp-json\/wp\/v2\/media?parent=12462"}],"wp:term":[{"taxonomy":"product_cat","embeddable":true,"href":"https:\/\/www.sinpeks.com\/rs\/wp-json\/wp\/v2\/product_cat?post=12462"},{"taxonomy":"product_tag","embeddable":true,"href":"https:\/\/www.sinpeks.com\/rs\/wp-json\/wp\/v2\/product_tag?post=12462"}],"curies":[{"name":"wp","href":"https:\/\/api.w.org\/{rel}","templated":true}]}}