{"id":12460,"date":"2024-11-19T18:01:12","date_gmt":"2024-11-19T18:01:12","guid":{"rendered":"https:\/\/www.sinpeks.com\/rs\/p\/tanjiraca-tvt-2x16-ferocoop-f560-vucena\/"},"modified":"2026-01-13T10:55:12","modified_gmt":"2026-01-13T10:55:12","slug":"tanjiraca-tvt-2x16-ferocoop-f560-vucena","status":"publish","type":"product","link":"https:\/\/www.sinpeks.com\/rs\/p\/tanjiraca-tvt-2x16-ferocoop-f560-vucena\/","title":{"rendered":"Tanjira\u010da TVT 2&#215;16 Ferocoop \u2013 \u0424560 vu\u010dena sa rotorom"},"content":{"rendered":"<p>TVT 2&#215;16 diska su vu\u010dene te\u0161ke traktorske tanjira\u010de tipa \u201cV\u201d. Namenjene su za tanjiranje raonog zemlji\u0161ta pred setvu, a uspe\u0161no se mogu koristiti i za lju\u0161tenje strnji\u0161ta, usitnjavanje \u017eetvenih ostataka i zaoravanje stajskog \u0111ubriva. Tanjira\u010de ovog tipa su sa \u010detiri ili \u0161est osovina dvostrukog delovanja, gde prvi red diskova obra\u0111uje zemlju, a drugi red je nabacuje, dakle uspe\u0161no sitni i me\u0161a zemlji\u0161te. Konstrukcija tanjira\u010de je kruta gde dolazi do izra\u017eaja dobro prodiranje u dubinu zemlji\u0161ta na ravnim terenima. Opremljena je rotorima.<\/p>\n","protected":false},"excerpt":{"rendered":"<p>TVT 2&#215;16 diska su vu\u010dene te\u0161ke traktorske tanjira\u010de tipa \u201cV\u201d. Namenjene su za tanjiranje raonog zemlji\u0161ta pred setvu, a uspe\u0161no se mogu koristiti i za lju\u0161tenje strnji\u0161ta, usitnjavanje \u017eetvenih ostataka i zaoravanje stajskog \u0111ubriva. Tanjira\u010de ovog tipa su sa \u010detiri ili \u0161est osovina dvostrukog delovanja, gde prvi red diskova obra\u0111uje zemlju, a drugi red je [&hellip;]<\/p>\n","protected":false},"featured_media":15854,"comment_status":"open","ping_status":"closed","template":"","meta":{"_acf_changed":false},"product_cat":[81],"product_tag":[],"class_list":{"0":"post-12460","1":"product","2":"type-product","3":"status-publish","4":"has-post-thumbnail","6":"product_cat-tanjirace","7":"product_shipping_class-ostale-kategorije-makedonija","8":"pa_b-agro-ferocoop","9":"pa_broj-diskova-sa-32-diska","10":"pa_market-ba","11":"pa_market-mk","12":"pa_market-rs","13":"pa_min-snaga-traktora-140-ks","14":"pa_precnik-diska-560-mm","15":"pa_radna-sirina-360cm","16":"pa_tip-masine-vucene","18":"first","19":"outofstock","20":"sale","21":"taxable","22":"shipping-taxable","23":"purchasable","24":"product-type-simple"},"acf":[],"seolaxy_ctr_woo_product_custom_meta_description_content":"","_links":{"self":[{"href":"https:\/\/www.sinpeks.com\/rs\/wp-json\/wp\/v2\/product\/12460","targetHints":{"allow":["GET"]}}],"collection":[{"href":"https:\/\/www.sinpeks.com\/rs\/wp-json\/wp\/v2\/product"}],"about":[{"href":"https:\/\/www.sinpeks.com\/rs\/wp-json\/wp\/v2\/types\/product"}],"replies":[{"embeddable":true,"href":"https:\/\/www.sinpeks.com\/rs\/wp-json\/wp\/v2\/comments?post=12460"}],"wp:featuredmedia":[{"embeddable":true,"href":"https:\/\/www.sinpeks.com\/rs\/wp-json\/wp\/v2\/media\/15854"}],"wp:attachment":[{"href":"https:\/\/www.sinpeks.com\/rs\/wp-json\/wp\/v2\/media?parent=12460"}],"wp:term":[{"taxonomy":"product_cat","embeddable":true,"href":"https:\/\/www.sinpeks.com\/rs\/wp-json\/wp\/v2\/product_cat?post=12460"},{"taxonomy":"product_tag","embeddable":true,"href":"https:\/\/www.sinpeks.com\/rs\/wp-json\/wp\/v2\/product_tag?post=12460"}],"curies":[{"name":"wp","href":"https:\/\/api.w.org\/{rel}","templated":true}]}}